{"id":1825,"date":"2024-06-19T17:45:03","date_gmt":"2024-06-19T22:45:03","guid":{"rendered":"https:\/\/juanchitoys.com\/?post_type=product&#038;p=1825"},"modified":"2025-06-12T18:51:11","modified_gmt":"2025-06-12T23:51:11","slug":"re-zero-rem-maid-artist-masterpiece","status":"publish","type":"product","link":"https:\/\/juanchitoys.com\/index.php\/producto\/re-zero-rem-maid-artist-masterpiece\/","title":{"rendered":"RE ZERO REM  MAID ARTIST MASTERPIECE"},"content":{"rendered":"<p>LA FIGURA &#8220;RE- ZERO REM MAID ARTIST MASTERPIECE&#8221; REPRESENTA A REM, UNO DE LOS PERSONAJES PRINCIPALES DE LA SERIE &#8220;RE ZERO- STARTING LIFE IN ANOTHER WORLD&#8221;, EN SU ATUENDO DE SIRVIENTA. REM ES CONOCIDA POR SU LEALTAD Y DEDICACI\u00d3N HACIA SUBARU, EL PROTAGONISTA. ESTA FIGURA CAPTURA LA ELEGANCIA Y EL ENCANTO DE REM EN SU PAPEL DE SIRVIENTA, CON DETALLES METICULOSOS EN SU VESTIMENTA Y EXPRESI\u00d3N FACIAL. ES UNA PIEZA DE COLECCI\u00d3N CODICIADA POR LOS FAN\u00c1TICOS DE &#8220;RE -ZERO&#8221; QUE DESEAN TENER UNA REPRESENTACI\u00d3N DETALLADA Y CUIDADOSAMENTE DISE\u00d1ADA DE ESTE QUERIDO PERSONAJE EN SU COLECCI\u00d3N.<\/p>\n<p>FICHA TECNICA<br \/>\nTAMA\u00d1O 27 CM<br \/>\nLINEA ARTIST MASTERPIECE<br \/>\nMARCA TAITO<br \/>\nORIGEN JAPON<\/p>\n","protected":false},"excerpt":{"rendered":"<p>LA FIGURA &#8220;RE- ZERO REM MAID ARTIST MASTERPIECE&#8221; REPRESENTA A REM, UNO DE LOS PERSONAJES PRINCIPALES DE LA SERIE &#8220;RE<br \/>\n&#8211; STARTING LIFE IN ANOTHER WORLD&#8221;, EN SU ATUENDO DE SIRVIENTA. REM ES CONOCIDA POR SU LEALTAD Y DEDICACI\u00d3N HACIA SUBARU, EL PROTAGONISTA.<\/p>\n","protected":false},"featured_media":1829,"comment_status":"open","ping_status":"closed","template":"","meta":[],"product_brand":[],"product_cat":[26,89],"product_tag":[43],"class_list":{"0":"post-1825","1":"product","2":"type-product","3":"status-publish","4":"has-post-thumbnail","6":"product_cat-re-zero","7":"product_cat-novedades","8":"product_tag-taito","10":"first","11":"outofstock","12":"shipping-taxable","13":"purchasable","14":"product-type-simple"},"_links":{"self":[{"href":"https:\/\/juanchitoys.com\/index.php\/wp-json\/wp\/v2\/product\/1825","targetHints":{"allow":["GET"]}}],"collection":[{"href":"https:\/\/juanchitoys.com\/index.php\/wp-json\/wp\/v2\/product"}],"about":[{"href":"https:\/\/juanchitoys.com\/index.php\/wp-json\/wp\/v2\/types\/product"}],"replies":[{"embeddable":true,"href":"https:\/\/juanchitoys.com\/index.php\/wp-json\/wp\/v2\/comments?post=1825"}],"wp:featuredmedia":[{"embeddable":true,"href":"https:\/\/juanchitoys.com\/index.php\/wp-json\/wp\/v2\/media\/1829"}],"wp:attachment":[{"href":"https:\/\/juanchitoys.com\/index.php\/wp-json\/wp\/v2\/media?parent=1825"}],"wp:term":[{"taxonomy":"product_brand","embeddable":true,"href":"https:\/\/juanchitoys.com\/index.php\/wp-json\/wp\/v2\/product_brand?post=1825"},{"taxonomy":"product_cat","embeddable":true,"href":"https:\/\/juanchitoys.com\/index.php\/wp-json\/wp\/v2\/product_cat?post=1825"},{"taxonomy":"product_tag","embeddable":true,"href":"https:\/\/juanchitoys.com\/index.php\/wp-json\/wp\/v2\/product_tag?post=1825"}],"curies":[{"name":"wp","href":"https:\/\/api.w.org\/{rel}","templated":true}]}}