{"id":1821,"date":"2024-06-19T17:32:11","date_gmt":"2024-06-19T22:32:11","guid":{"rendered":"https:\/\/juanchitoys.com\/?post_type=product&#038;p=1821"},"modified":"2025-11-19T13:23:27","modified_gmt":"2025-11-19T18:23:27","slug":"pokemon-suicune-plastic-model","status":"publish","type":"product","link":"https:\/\/juanchitoys.com\/index.php\/producto\/pokemon-suicune-plastic-model\/","title":{"rendered":"POKEMON SUICUNE PLASTIC MODEL"},"content":{"rendered":"<p>EL MODELO PL\u00c1STICO DE SUICUNE DE POK\u00c9MON ES UNA FIGURA DETALLADA QUE REPRESENTA AL POK\u00c9MON LEGENDARIO DE TIPO AGUA. SUICUNE ES CONOCIDO POR SU ELEGANTE APARIENCIA Y SU CONEXI\u00d3N CON EL AGUA Y LA PUREZA. ESTE MODELO EST\u00c1 DISE\u00d1ADO PARA ENSAMBLAR Y EXHIBIR, CAPTURANDO LA ESENCIA SERENA Y M\u00cdSTICA DE SUICUNE CON PRECISI\u00d3N EN SUS CARACTER\u00cdSTICAS F\u00cdSICAS Y POSE DISTINTIVA. ES UNA EXCELENTE OPCI\u00d3N PARA LOS FAN\u00c1TICOS DE POK\u00c9MON QUE DISFRUTAN DEL MONTAJE DE MODELOS Y DESEAN TENER UNA REPRESENTACI\u00d3N FIEL Y DETALLADA DE ESTE LEGENDARIO POK\u00c9MON EN SU COLECCI\u00d3N.<\/p>\n<p>FICHA TECNICA<br \/>\nPLASTIC MODEL<br \/>\nFACIL DE ARMAR<br \/>\nMARCA BANDAI<br \/>\nORIGEN JAPON<\/p>\n","protected":false},"excerpt":{"rendered":"<p>EL MODELO PL\u00c1STICO DE SUICUNE DE POK\u00c9MON ES UNA FIGURA DETALLADA QUE REPRESENTA AL POK\u00c9MON LEGENDARIO DE TIPO AGUA. SUICUNE ES CONOCIDO POR SU ELEGANTE APARIENCIA Y SU CONEXI\u00d3N CON EL AGUA Y LA PUREZA.<\/p>\n","protected":false},"featured_media":1822,"comment_status":"open","ping_status":"closed","template":"","meta":[],"product_brand":[],"product_cat":[89,91],"product_tag":[35,67],"class_list":{"0":"post-1821","1":"product","2":"type-product","3":"status-publish","4":"has-post-thumbnail","6":"product_cat-novedades","7":"product_cat-pokemon","8":"product_tag-bandai","9":"product_tag-plastic-model","11":"first","12":"outofstock","13":"shipping-taxable","14":"purchasable","15":"product-type-simple"},"_links":{"self":[{"href":"https:\/\/juanchitoys.com\/index.php\/wp-json\/wp\/v2\/product\/1821","targetHints":{"allow":["GET"]}}],"collection":[{"href":"https:\/\/juanchitoys.com\/index.php\/wp-json\/wp\/v2\/product"}],"about":[{"href":"https:\/\/juanchitoys.com\/index.php\/wp-json\/wp\/v2\/types\/product"}],"replies":[{"embeddable":true,"href":"https:\/\/juanchitoys.com\/index.php\/wp-json\/wp\/v2\/comments?post=1821"}],"wp:featuredmedia":[{"embeddable":true,"href":"https:\/\/juanchitoys.com\/index.php\/wp-json\/wp\/v2\/media\/1822"}],"wp:attachment":[{"href":"https:\/\/juanchitoys.com\/index.php\/wp-json\/wp\/v2\/media?parent=1821"}],"wp:term":[{"taxonomy":"product_brand","embeddable":true,"href":"https:\/\/juanchitoys.com\/index.php\/wp-json\/wp\/v2\/product_brand?post=1821"},{"taxonomy":"product_cat","embeddable":true,"href":"https:\/\/juanchitoys.com\/index.php\/wp-json\/wp\/v2\/product_cat?post=1821"},{"taxonomy":"product_tag","embeddable":true,"href":"https:\/\/juanchitoys.com\/index.php\/wp-json\/wp\/v2\/product_tag?post=1821"}],"curies":[{"name":"wp","href":"https:\/\/api.w.org\/{rel}","templated":true}]}}