{"id":1810,"date":"2024-06-19T17:25:47","date_gmt":"2024-06-19T22:25:47","guid":{"rendered":"https:\/\/juanchitoys.com\/?post_type=product&#038;p=1810"},"modified":"2025-06-12T18:51:25","modified_gmt":"2025-06-12T23:51:25","slug":"pokemon-model-yveltal-plastic-model","status":"publish","type":"product","link":"https:\/\/juanchitoys.com\/index.php\/producto\/pokemon-model-yveltal-plastic-model\/","title":{"rendered":"POKEMON MODEL YVELTAL PLASTIC MODEL"},"content":{"rendered":"<p>LIBERA EL PODER DEL POK\u00c9MON LEGENDARIO YVELTAL CON EL KIT DE MODELISMO POKEMON PLAMO 34: YVELTAL (PLASTIC MODEL KIT + REISSUE) DE BANDAI SPIRITS. ESTE KIT TE PERMITE CONSTRUIR A YVELTAL CON UN DETALLE NOTABLE, CAPTURANDO SU PRESENCIA IMPONENTE Y SU AURA FORMIDABLE. IDEAL PARA LOS FAN\u00c1TICOS DE POK\u00c9MON Y LOS ENTUSIASTAS DE LOS MODELOS, ESTE KIT REEDITADO OFRECE LA OPORTUNIDAD DE AGREGAR UNA DE LAS CRIATURAS M\u00c1S IC\u00d3NICAS DEL UNIVERSO POK\u00c9MON A TU COLECCI\u00d3N.<\/p>\n<p>FICHA TECNICA<br \/>\nPLASTIC MODEL<br \/>\nFACIL DE ARMAR<br \/>\nMARCA BANDAI<br \/>\nORIGEN JAPON<\/p>\n","protected":false},"excerpt":{"rendered":"<p>LIBERA EL PODER DEL POK\u00c9MON LEGENDARIO YVELTAL CON EL KIT DE MODELISMO POKEMON PLAMO 34: YVELTAL (PLASTIC MODEL KIT + REISSUE) DE BANDAI SPIRITS. ESTE KIT TE PERMITE CONSTRUIR A YVELTAL CON UN DETALLE NOTABLE<\/p>\n","protected":false},"featured_media":1811,"comment_status":"open","ping_status":"closed","template":"","meta":[],"product_brand":[],"product_cat":[89,91],"product_tag":[35,67],"class_list":{"0":"post-1810","1":"product","2":"type-product","3":"status-publish","4":"has-post-thumbnail","6":"product_cat-novedades","7":"product_cat-pokemon","8":"product_tag-bandai","9":"product_tag-plastic-model","11":"first","12":"outofstock","13":"shipping-taxable","14":"purchasable","15":"product-type-simple"},"_links":{"self":[{"href":"https:\/\/juanchitoys.com\/index.php\/wp-json\/wp\/v2\/product\/1810","targetHints":{"allow":["GET"]}}],"collection":[{"href":"https:\/\/juanchitoys.com\/index.php\/wp-json\/wp\/v2\/product"}],"about":[{"href":"https:\/\/juanchitoys.com\/index.php\/wp-json\/wp\/v2\/types\/product"}],"replies":[{"embeddable":true,"href":"https:\/\/juanchitoys.com\/index.php\/wp-json\/wp\/v2\/comments?post=1810"}],"wp:featuredmedia":[{"embeddable":true,"href":"https:\/\/juanchitoys.com\/index.php\/wp-json\/wp\/v2\/media\/1811"}],"wp:attachment":[{"href":"https:\/\/juanchitoys.com\/index.php\/wp-json\/wp\/v2\/media?parent=1810"}],"wp:term":[{"taxonomy":"product_brand","embeddable":true,"href":"https:\/\/juanchitoys.com\/index.php\/wp-json\/wp\/v2\/product_brand?post=1810"},{"taxonomy":"product_cat","embeddable":true,"href":"https:\/\/juanchitoys.com\/index.php\/wp-json\/wp\/v2\/product_cat?post=1810"},{"taxonomy":"product_tag","embeddable":true,"href":"https:\/\/juanchitoys.com\/index.php\/wp-json\/wp\/v2\/product_tag?post=1810"}],"curies":[{"name":"wp","href":"https:\/\/api.w.org\/{rel}","templated":true}]}}