{"id":1804,"date":"2024-06-19T17:23:51","date_gmt":"2024-06-19T22:23:51","guid":{"rendered":"https:\/\/juanchitoys.com\/?post_type=product&#038;p=1804"},"modified":"2025-06-13T09:44:57","modified_gmt":"2025-06-13T14:44:57","slug":"pokemon-model-lunala-plastic-model","status":"publish","type":"product","link":"https:\/\/juanchitoys.com\/index.php\/producto\/pokemon-model-lunala-plastic-model\/","title":{"rendered":"POKEMON MODEL LUNALA PLASTIC MODEL"},"content":{"rendered":"<p>EL MODELO PL\u00c1STICO DE LUNALA DE POK\u00c9MON ES UNA FIGURA DETALLADA QUE REPRESENTA AL POK\u00c9MON LEGENDARIO DE TIPO PS\u00cdQUICO Y FANTASMA. LUNALA ES CONOCIDO POR SU MAJESTUOSIDAD Y SU CONEXI\u00d3N CON LA LUNA. ESTE MODELO PERMITE ENSAMBLAR Y PERSONALIZAR TU PROPIA VERSI\u00d3N DE LUNALA, CAPTURANDO SU DISE\u00d1O \u00daNICO Y SUS CARACTER\u00cdSTICAS DISTINTIVAS. ES IDEAL PARA LOS FAN\u00c1TICOS DE POK\u00c9MON QUE DISFRUTAN DEL MONTAJE DE MODELOS Y DESEAN AGREGAR UNA REPRESENTACI\u00d3N PRECISA Y ATRACTIVA DE LUNALA A SU COLECCI\u00d3N.<\/p>\n<p>FICHA TECNICA<br \/>\nPLASTIC MODEL<br \/>\nFACIL DE ARMAR<br \/>\nMARCA BANDAI<br \/>\nORIGEN JAPON<\/p>\n","protected":false},"excerpt":{"rendered":"<p>EL MODELO PL\u00c1STICO DE LUNALA DE POK\u00c9MON ES UNA FIGURA DETALLADA QUE REPRESENTA AL POK\u00c9MON LEGENDARIO DE TIPO PS\u00cdQUICO Y FANTASMA. LUNALA ES CONOCIDO POR SU MAJESTUOSIDAD Y SU CONEXI\u00d3N CON LA LUNA.<\/p>\n","protected":false},"featured_media":1808,"comment_status":"open","ping_status":"closed","template":"","meta":[],"product_brand":[],"product_cat":[89,91],"product_tag":[35,67],"class_list":{"0":"post-1804","1":"product","2":"type-product","3":"status-publish","4":"has-post-thumbnail","6":"product_cat-novedades","7":"product_cat-pokemon","8":"product_tag-bandai","9":"product_tag-plastic-model","11":"first","12":"outofstock","13":"shipping-taxable","14":"purchasable","15":"product-type-simple"},"_links":{"self":[{"href":"https:\/\/juanchitoys.com\/index.php\/wp-json\/wp\/v2\/product\/1804","targetHints":{"allow":["GET"]}}],"collection":[{"href":"https:\/\/juanchitoys.com\/index.php\/wp-json\/wp\/v2\/product"}],"about":[{"href":"https:\/\/juanchitoys.com\/index.php\/wp-json\/wp\/v2\/types\/product"}],"replies":[{"embeddable":true,"href":"https:\/\/juanchitoys.com\/index.php\/wp-json\/wp\/v2\/comments?post=1804"}],"wp:featuredmedia":[{"embeddable":true,"href":"https:\/\/juanchitoys.com\/index.php\/wp-json\/wp\/v2\/media\/1808"}],"wp:attachment":[{"href":"https:\/\/juanchitoys.com\/index.php\/wp-json\/wp\/v2\/media?parent=1804"}],"wp:term":[{"taxonomy":"product_brand","embeddable":true,"href":"https:\/\/juanchitoys.com\/index.php\/wp-json\/wp\/v2\/product_brand?post=1804"},{"taxonomy":"product_cat","embeddable":true,"href":"https:\/\/juanchitoys.com\/index.php\/wp-json\/wp\/v2\/product_cat?post=1804"},{"taxonomy":"product_tag","embeddable":true,"href":"https:\/\/juanchitoys.com\/index.php\/wp-json\/wp\/v2\/product_tag?post=1804"}],"curies":[{"name":"wp","href":"https:\/\/api.w.org\/{rel}","templated":true}]}}