{"id":1800,"date":"2024-06-19T17:21:25","date_gmt":"2024-06-19T22:21:25","guid":{"rendered":"https:\/\/juanchitoys.com\/?post_type=product&#038;p=1800"},"modified":"2025-11-19T13:25:13","modified_gmt":"2025-11-19T18:25:13","slug":"pokemon-lugia-plastic-model","status":"publish","type":"product","link":"https:\/\/juanchitoys.com\/index.php\/producto\/pokemon-lugia-plastic-model\/","title":{"rendered":"POKEMON LUGIA PLASTIC MODEL"},"content":{"rendered":"<p>LUGIA, EL POK\u00c9MON BUCEADOR. GUARDI\u00c1N DE LOS MARES. SE RUMOREA QUE FUE VISTO UNA NOCHE DE TORMENTA. LAS ALAS DE LUGIA TIENEN UN PODER DEVASTADOR: UN LIGERO ALETEO DE SUS ALAS PUEDE DESTRUIR CASAS NORMALES. SE DICE QUE SI BATIERA SUS ALAS AL DESPERTAR, PODR\u00cdA PROVOCAR UNA TORMENTA QUE DURAR\u00cdA 40 D\u00cdAS. COMO RESULTADO, ESTE POK\u00c9MON ELIGE VIVIR FUERA DE LA VISTA EN LAS PROFUNDIDADES DEL MAR. DUERME EN EL FONDO DEL OC\u00c9ANO, A PESAR DE SER DE TIPO PS\u00cdQUICO Y VOLADOR. NADIE PUEDE DECIR SI ESO ES CIERTO O NO, PERO LOS ATAQUES DE LUGIA CIERTAMENTE HACEN QUE AS\u00cd PAREZCA. VUELA DETR\u00c1S DEL ESCENARIO Y CREA UNA PODEROSA R\u00c1FAGA DE VIENTO CON SU ATAQUE AEROBLAST.<\/p>\n<p>AHORA PUEDES LLEVARTE A LUGIA A CASA CON ESTA INCRE\u00cdBLE FIGURA EN KIT DE BRICOLAJE.<\/p>\n<p>FICHA TECNICA<br \/>\nPLASTIC MODEL<br \/>\nFACIL DE ARMAR<br \/>\nMARCA BANDAI<br \/>\nORIGEN JAPON<\/p>\n","protected":false},"excerpt":{"rendered":"<p>LUGIA, EL POK\u00c9MON BUCEADOR. GUARDI\u00c1N DE LOS MARES. SE RUMOREA QUE FUE VISTO UNA NOCHE DE TORMENTA. LAS ALAS DE LUGIA TIENEN UN PODER DEVASTADOR: UN LIGERO ALETEO DE SUS ALAS PUEDE DESTRUIR CASAS NORMALES.<\/p>\n","protected":false},"featured_media":1801,"comment_status":"open","ping_status":"closed","template":"","meta":[],"product_brand":[],"product_cat":[89,91],"product_tag":[35,67],"class_list":{"0":"post-1800","1":"product","2":"type-product","3":"status-publish","4":"has-post-thumbnail","6":"product_cat-novedades","7":"product_cat-pokemon","8":"product_tag-bandai","9":"product_tag-plastic-model","11":"first","12":"outofstock","13":"shipping-taxable","14":"purchasable","15":"product-type-simple"},"_links":{"self":[{"href":"https:\/\/juanchitoys.com\/index.php\/wp-json\/wp\/v2\/product\/1800","targetHints":{"allow":["GET"]}}],"collection":[{"href":"https:\/\/juanchitoys.com\/index.php\/wp-json\/wp\/v2\/product"}],"about":[{"href":"https:\/\/juanchitoys.com\/index.php\/wp-json\/wp\/v2\/types\/product"}],"replies":[{"embeddable":true,"href":"https:\/\/juanchitoys.com\/index.php\/wp-json\/wp\/v2\/comments?post=1800"}],"wp:featuredmedia":[{"embeddable":true,"href":"https:\/\/juanchitoys.com\/index.php\/wp-json\/wp\/v2\/media\/1801"}],"wp:attachment":[{"href":"https:\/\/juanchitoys.com\/index.php\/wp-json\/wp\/v2\/media?parent=1800"}],"wp:term":[{"taxonomy":"product_brand","embeddable":true,"href":"https:\/\/juanchitoys.com\/index.php\/wp-json\/wp\/v2\/product_brand?post=1800"},{"taxonomy":"product_cat","embeddable":true,"href":"https:\/\/juanchitoys.com\/index.php\/wp-json\/wp\/v2\/product_cat?post=1800"},{"taxonomy":"product_tag","embeddable":true,"href":"https:\/\/juanchitoys.com\/index.php\/wp-json\/wp\/v2\/product_tag?post=1800"}],"curies":[{"name":"wp","href":"https:\/\/api.w.org\/{rel}","templated":true}]}}