{"id":1791,"date":"2024-06-19T17:10:16","date_gmt":"2024-06-19T22:10:16","guid":{"rendered":"https:\/\/juanchitoys.com\/?post_type=product&#038;p=1791"},"modified":"2025-11-19T13:25:20","modified_gmt":"2025-11-19T18:25:20","slug":"pokemon-kyurem-black-plastic-model-27","status":"publish","type":"product","link":"https:\/\/juanchitoys.com\/index.php\/producto\/pokemon-kyurem-black-plastic-model-27\/","title":{"rendered":"POKEMON KYUREM BLACK PLASTIC MODEL 27"},"content":{"rendered":"<p>EL MODELO KIT DE KYUREM BLACK DE POK\u00c9MON ES UNA FIGURA DETALLADA QUE PERMITE ENSAMBLAR Y PERSONALIZAR TU PROPIO KYUREM BLACK. KYUREM ES UN POK\u00c9MON LEGENDARIO DE TIPO DRAG\u00d3N Y HIELO CONOCIDO POR SU IMPONENTE PRESENCIA Y PODEROSAS HABILIDADES. ESTE MODELO INCLUYE PIEZAS DETALLADAS QUE CAPTURAN LA ESENCIA DE KYUREM BLACK, PERMITIENDO A LOS FAN\u00c1TICOS CREAR UNA FIGURA REALISTA Y IMPRESIONANTE PARA EXHIBIR O JUGAR. ES UNA OPCI\u00d3N IDEAL PARA LOS COLECCIONISTAS Y ENTUSIASTAS DE POK\u00c9MON QUE DISFRUTAN DEL MONTAJE DE MODELOS Y LA CREACI\u00d3N DE ESCENAS DE BATALLA \u00c9PICAS.<\/p>\n<p>FICHA TECNICA<br \/>\nPLASTIC MODEL<br \/>\nFACIL DE ARMAR<br \/>\nMARCA BANDAI<br \/>\nORIGEN JAPON<\/p>\n","protected":false},"excerpt":{"rendered":"<p>EL MODELO KIT DE KYUREM BLACK DE POK\u00c9MON ES UNA FIGURA DETALLADA QUE PERMITE ENSAMBLAR Y PERSONALIZAR TU PROPIO KYUREM BLACK. KYUREM ES UN POK\u00c9MON LEGENDARIO DE TIPO DRAG\u00d3N Y HIELO CONOCIDO POR SU IMPONENTE PRESENCIA Y PODEROSAS HABILIDADES.<\/p>\n","protected":false},"featured_media":1792,"comment_status":"open","ping_status":"closed","template":"","meta":[],"product_brand":[],"product_cat":[89,91],"product_tag":[35,67],"class_list":{"0":"post-1791","1":"product","2":"type-product","3":"status-publish","4":"has-post-thumbnail","6":"product_cat-novedades","7":"product_cat-pokemon","8":"product_tag-bandai","9":"product_tag-plastic-model","11":"first","12":"outofstock","13":"shipping-taxable","14":"purchasable","15":"product-type-simple"},"_links":{"self":[{"href":"https:\/\/juanchitoys.com\/index.php\/wp-json\/wp\/v2\/product\/1791","targetHints":{"allow":["GET"]}}],"collection":[{"href":"https:\/\/juanchitoys.com\/index.php\/wp-json\/wp\/v2\/product"}],"about":[{"href":"https:\/\/juanchitoys.com\/index.php\/wp-json\/wp\/v2\/types\/product"}],"replies":[{"embeddable":true,"href":"https:\/\/juanchitoys.com\/index.php\/wp-json\/wp\/v2\/comments?post=1791"}],"wp:featuredmedia":[{"embeddable":true,"href":"https:\/\/juanchitoys.com\/index.php\/wp-json\/wp\/v2\/media\/1792"}],"wp:attachment":[{"href":"https:\/\/juanchitoys.com\/index.php\/wp-json\/wp\/v2\/media?parent=1791"}],"wp:term":[{"taxonomy":"product_brand","embeddable":true,"href":"https:\/\/juanchitoys.com\/index.php\/wp-json\/wp\/v2\/product_brand?post=1791"},{"taxonomy":"product_cat","embeddable":true,"href":"https:\/\/juanchitoys.com\/index.php\/wp-json\/wp\/v2\/product_cat?post=1791"},{"taxonomy":"product_tag","embeddable":true,"href":"https:\/\/juanchitoys.com\/index.php\/wp-json\/wp\/v2\/product_tag?post=1791"}],"curies":[{"name":"wp","href":"https:\/\/api.w.org\/{rel}","templated":true}]}}