{"id":1742,"date":"2024-06-19T16:21:01","date_gmt":"2024-06-19T21:21:01","guid":{"rendered":"https:\/\/juanchitoys.com\/?post_type=product&#038;p=1742"},"modified":"2026-01-22T16:38:37","modified_gmt":"2026-01-22T21:38:37","slug":"one-piece-kaido-loyalty-to-the-thunderbolt-ichiban-kuji-a","status":"publish","type":"product","link":"https:\/\/juanchitoys.com\/index.php\/producto\/one-piece-kaido-loyalty-to-the-thunderbolt-ichiban-kuji-a\/","title":{"rendered":"ONE PIECE KAIDO LOYALTY TO THE THUNDERBOLT  ICHIBAN KUJI &#8220;A&#8221;"},"content":{"rendered":"<p>LA FIGURA &#8220;KAIDO LOYALTY TO THE THUNDERBOLT ICHIBAN KUJI A&#8221; DE ONE PIECE PRESENTA A KAIDO, UNO DE LOS YONKO Y UNA FIGURA FORMIDABLE EN EL MUNDO DE ONE PIECE, EN UNA POSE IMPONENTE Y MAJESTUOSA. CAPTURA SU GIGANTESCA FIGURA Y SU VESTIMENTA CARACTER\u00cdSTICA, TRANSMITIENDO SU PRESENCIA DOMINANTE Y SU AURA DE PODER. ESTA FIGURA DE LA L\u00cdNEA ICHIBAN KUJI A DESTACA POR SU CALIDAD DE DETALLE Y SU FIDELIDAD AL DISE\u00d1O DEL PERSONAJE, SIENDO UN ART\u00cdCULO DE COLECCI\u00d3N IMPRESCINDIBLE PARA LOS SEGUIDORES DEL ANIME Y MANGA ONE PIECE QUE ADMIREN A ESTE PODEROSO ANTAGONISTA.<\/p>\n<p>FICHA TECNICA<br \/>\nTAMA\u00d1O 20 CM<br \/>\nMARCA BANDAI<br \/>\nLINEA ICHIBAN KUJI A<br \/>\nORIGEN JAPON<\/p>\n","protected":false},"excerpt":{"rendered":"<p>LA FIGURA &#8220;KAIDO LOYALTY TO THE THUNDERBOLT ICHIBAN KUJI A&#8221; DE ONE PIECE PRESENTA A KAIDO, UNO DE LOS YONKO Y UNA FIGURA FORMIDABLE EN EL MUNDO DE ONE PIECE, EN UNA POSE IMPONENTE Y MAJESTUOSA.<\/p>\n","protected":false},"featured_media":1743,"comment_status":"open","ping_status":"closed","template":"","meta":[],"product_brand":[],"product_cat":[89,19],"product_tag":[35,39],"class_list":{"0":"post-1742","1":"product","2":"type-product","3":"status-publish","4":"has-post-thumbnail","6":"product_cat-novedades","7":"product_cat-one-piece","8":"product_tag-bandai","9":"product_tag-ichiban-kuji","11":"first","12":"instock","13":"shipping-taxable","14":"purchasable","15":"product-type-simple"},"_links":{"self":[{"href":"https:\/\/juanchitoys.com\/index.php\/wp-json\/wp\/v2\/product\/1742","targetHints":{"allow":["GET"]}}],"collection":[{"href":"https:\/\/juanchitoys.com\/index.php\/wp-json\/wp\/v2\/product"}],"about":[{"href":"https:\/\/juanchitoys.com\/index.php\/wp-json\/wp\/v2\/types\/product"}],"replies":[{"embeddable":true,"href":"https:\/\/juanchitoys.com\/index.php\/wp-json\/wp\/v2\/comments?post=1742"}],"wp:featuredmedia":[{"embeddable":true,"href":"https:\/\/juanchitoys.com\/index.php\/wp-json\/wp\/v2\/media\/1743"}],"wp:attachment":[{"href":"https:\/\/juanchitoys.com\/index.php\/wp-json\/wp\/v2\/media?parent=1742"}],"wp:term":[{"taxonomy":"product_brand","embeddable":true,"href":"https:\/\/juanchitoys.com\/index.php\/wp-json\/wp\/v2\/product_brand?post=1742"},{"taxonomy":"product_cat","embeddable":true,"href":"https:\/\/juanchitoys.com\/index.php\/wp-json\/wp\/v2\/product_cat?post=1742"},{"taxonomy":"product_tag","embeddable":true,"href":"https:\/\/juanchitoys.com\/index.php\/wp-json\/wp\/v2\/product_tag?post=1742"}],"curies":[{"name":"wp","href":"https:\/\/api.w.org\/{rel}","templated":true}]}}