{"id":1738,"date":"2024-06-19T16:17:43","date_gmt":"2024-06-19T21:17:43","guid":{"rendered":"https:\/\/juanchitoys.com\/?post_type=product&#038;p=1738"},"modified":"2026-01-08T15:28:43","modified_gmt":"2026-01-08T20:28:43","slug":"one-piece-eustass-kid-dxf-bandai","status":"publish","type":"product","link":"https:\/\/juanchitoys.com\/index.php\/producto\/one-piece-eustass-kid-dxf-bandai\/","title":{"rendered":"ONE PIECE EUSTASS KID DXF BANDAI"},"content":{"rendered":"<p>LA FIGURA &#8220;EUSTASS KID DXF&#8221; DE BANDAI REPRESENTA A EUSTASS KID, UNO DE LOS INFAMES PIRATAS DE ONE PIECE, EN UNA POSE DIN\u00c1MICA Y LISTA PARA LA ACCI\u00d3N. CAPTURA SU DISTINTIVO ESTILO DE VESTIMENTA PIRATA Y SU ACTITUD DESAFIANTE CON DETALLES PRECISOS Y COLORES VIBRANTES. ESTA FIGURA DXF ES IDEAL PARA LOS FAN\u00c1TICOS DE ONE PIECE QUE DESEAN A\u00d1ADIR A SU COLECCI\u00d3N UNA REPRESENTACI\u00d3N FIEL Y DETALLADA DE ESTE CARISM\u00c1TICO PERSONAJE DE LA SERIE.<\/p>\n<p>FICHA TECNICA<br \/>\nTAMA\u00d1O 17 CM<br \/>\nMARCA BANDAI<br \/>\nORIGEN JAPON<\/p>\n","protected":false},"excerpt":{"rendered":"<p>LA FIGURA &#8220;EUSTASS KID DXF&#8221; DE BANDAI REPRESENTA A EUSTASS KID, UNO DE LOS INFAMES PIRATAS DE ONE PIECE, EN UNA POSE DIN\u00c1MICA Y LISTA PARA LA ACCI\u00d3N.<\/p>\n","protected":false},"featured_media":1741,"comment_status":"open","ping_status":"closed","template":"","meta":[],"product_brand":[],"product_cat":[89,19],"product_tag":[35,38],"class_list":{"0":"post-1738","1":"product","2":"type-product","3":"status-publish","4":"has-post-thumbnail","6":"product_cat-novedades","7":"product_cat-one-piece","8":"product_tag-bandai","9":"product_tag-dxf","11":"first","12":"outofstock","13":"shipping-taxable","14":"purchasable","15":"product-type-simple"},"_links":{"self":[{"href":"https:\/\/juanchitoys.com\/index.php\/wp-json\/wp\/v2\/product\/1738","targetHints":{"allow":["GET"]}}],"collection":[{"href":"https:\/\/juanchitoys.com\/index.php\/wp-json\/wp\/v2\/product"}],"about":[{"href":"https:\/\/juanchitoys.com\/index.php\/wp-json\/wp\/v2\/types\/product"}],"replies":[{"embeddable":true,"href":"https:\/\/juanchitoys.com\/index.php\/wp-json\/wp\/v2\/comments?post=1738"}],"wp:featuredmedia":[{"embeddable":true,"href":"https:\/\/juanchitoys.com\/index.php\/wp-json\/wp\/v2\/media\/1741"}],"wp:attachment":[{"href":"https:\/\/juanchitoys.com\/index.php\/wp-json\/wp\/v2\/media?parent=1738"}],"wp:term":[{"taxonomy":"product_brand","embeddable":true,"href":"https:\/\/juanchitoys.com\/index.php\/wp-json\/wp\/v2\/product_brand?post=1738"},{"taxonomy":"product_cat","embeddable":true,"href":"https:\/\/juanchitoys.com\/index.php\/wp-json\/wp\/v2\/product_cat?post=1738"},{"taxonomy":"product_tag","embeddable":true,"href":"https:\/\/juanchitoys.com\/index.php\/wp-json\/wp\/v2\/product_tag?post=1738"}],"curies":[{"name":"wp","href":"https:\/\/api.w.org\/{rel}","templated":true}]}}