{"id":1647,"date":"2024-06-19T12:53:04","date_gmt":"2024-06-19T17:53:04","guid":{"rendered":"https:\/\/juanchitoys.com\/?post_type=product&#038;p=1647"},"modified":"2025-11-19T13:22:46","modified_gmt":"2025-11-19T18:22:46","slug":"kimetsu-no-yaiba-gyutaro-vibration-stars","status":"publish","type":"product","link":"https:\/\/juanchitoys.com\/index.php\/producto\/kimetsu-no-yaiba-gyutaro-vibration-stars\/","title":{"rendered":"KIMETSU NO YAIBA GYUTARO VIBRATION STARS"},"content":{"rendered":"<p>\u00a1AGREGA A TU COLECCI\u00d3N DE FIGURAS DE KIMETSU NO YAIBA AL DEMONIO GYUTARO CON ESTA FIGURA DE LA SERIE VIBRATION STARS DE BANPRESTO! GYUTARO ERA UNO DE LOS DOCE KIZUKI, OCUPANDO LA POSICI\u00d3N DE LUNA SUPERIOR SEIS JUNTO A SU HERMANA MENOR DAKI. ESTA FIGURA PRESENTA UNA DETALLADA ESCULTURA DE GYUTARO EN UNA POSE DIN\u00c1MICA, CON UNA ALTURA DE APROXIMADAMENTE 13 CM Y EST\u00c1 HECHA DE PVC Y ABS DE ALTA CALIDAD.<\/p>\n<p>LA SERIE VIBRATION STARS DE BANPRESTO ES CONOCIDA POR LA CALIDAD Y ATENCI\u00d3N AL DETALLE DE SUS FIGURAS, Y ESTA FIGURA DE GYUTARO ES UNA EXCELENTE ADICI\u00d3N A CUALQUIER COLECCI\u00d3N DE FIGURAS DE ANIME.<\/p>\n<p>FICHA TECNICA<br \/>\nTAMA\u00d1O 13 CM<br \/>\nLINEA VIBRATION STARS<br \/>\nMARCA BANDAI<br \/>\nORIGEN JAPON<\/p>\n","protected":false},"excerpt":{"rendered":"<p>\u00a1AGREGA A TU COLECCI\u00d3N DE FIGURAS DE KIMETSU NO YAIBA AL DEMONIO GYUTARO CON ESTA FIGURA DE LA SERIE VIBRATION STARS DE BANPRESTO! GYUTARO ERA UNO DE LOS DOCE KIZUKI, OCUPANDO LA POSICI\u00d3N DE LUNA SUPERIOR SEIS JUNTO A SU HERMANA MENOR DAKI.<\/p>\n","protected":false},"featured_media":1649,"comment_status":"open","ping_status":"closed","template":"","meta":[],"product_brand":[],"product_cat":[20,89],"product_tag":[35],"class_list":{"0":"post-1647","1":"product","2":"type-product","3":"status-publish","4":"has-post-thumbnail","6":"product_cat-kimetsu-no-yaiba","7":"product_cat-novedades","8":"product_tag-bandai","10":"first","11":"outofstock","12":"shipping-taxable","13":"purchasable","14":"product-type-simple"},"_links":{"self":[{"href":"https:\/\/juanchitoys.com\/index.php\/wp-json\/wp\/v2\/product\/1647","targetHints":{"allow":["GET"]}}],"collection":[{"href":"https:\/\/juanchitoys.com\/index.php\/wp-json\/wp\/v2\/product"}],"about":[{"href":"https:\/\/juanchitoys.com\/index.php\/wp-json\/wp\/v2\/types\/product"}],"replies":[{"embeddable":true,"href":"https:\/\/juanchitoys.com\/index.php\/wp-json\/wp\/v2\/comments?post=1647"}],"wp:featuredmedia":[{"embeddable":true,"href":"https:\/\/juanchitoys.com\/index.php\/wp-json\/wp\/v2\/media\/1649"}],"wp:attachment":[{"href":"https:\/\/juanchitoys.com\/index.php\/wp-json\/wp\/v2\/media?parent=1647"}],"wp:term":[{"taxonomy":"product_brand","embeddable":true,"href":"https:\/\/juanchitoys.com\/index.php\/wp-json\/wp\/v2\/product_brand?post=1647"},{"taxonomy":"product_cat","embeddable":true,"href":"https:\/\/juanchitoys.com\/index.php\/wp-json\/wp\/v2\/product_cat?post=1647"},{"taxonomy":"product_tag","embeddable":true,"href":"https:\/\/juanchitoys.com\/index.php\/wp-json\/wp\/v2\/product_tag?post=1647"}],"curies":[{"name":"wp","href":"https:\/\/api.w.org\/{rel}","templated":true}]}}