{"id":1564,"date":"2024-06-18T15:15:31","date_gmt":"2024-06-18T20:15:31","guid":{"rendered":"https:\/\/juanchitoys.com\/?post_type=product&#038;p=1564"},"modified":"2025-01-23T19:20:45","modified_gmt":"2025-01-24T00:20:45","slug":"initial-d-fd3s-amfini-rx-7","status":"publish","type":"product","link":"https:\/\/juanchitoys.com\/index.php\/producto\/initial-d-fd3s-amfini-rx-7\/","title":{"rendered":"INITIAL D FD3S AMFINI RX-7"},"content":{"rendered":"<p>INITIAL D FD3S AMFINI RX-7 ES UNA VERSI\u00d3N ESPEC\u00cdFICA DEL MAZDA RX-7 QUE APARECE EN EL MANGA Y ANIME INITIAL D. RECONOCIDO POR SU DISE\u00d1O AERODIN\u00c1MICO Y SU MOTOR ROTATIVO TURBOCHARGED, ESTE MODELO ES EMBLEM\u00c1TICO EN LAS CARRERAS CALLEJERAS Y DE MONTA\u00d1A JAPONESAS, DESTAC\u00c1NDOSE POR SU AGILIDAD Y RENDIMIENTO EXCEPCIONAL EN CURVAS CERRADAS Y TRAMOS SINUOSOS.<\/p>\n<p>FICHA TECNICA:<br \/>\nESCALA: 1\/32<br \/>\nFABRICADO POR AOSHIMA<br \/>\nESTADO: NUEVO<br \/>\nFIGURA PARA ENSAMBLAR<br \/>\nORIGEN JAPON<\/p>\n","protected":false},"excerpt":{"rendered":"<p>INITIAL D FD3S AMFINI RX-7 ES UNA VERSI\u00d3N ESPEC\u00cdFICA DEL MAZDA RX-7 QUE APARECE EN EL MANGA Y ANIME INITIAL D.<\/p>\n","protected":false},"featured_media":1565,"comment_status":"open","ping_status":"closed","template":"","meta":[],"product_brand":[],"product_cat":[90,89,84],"product_tag":[67],"class_list":{"0":"post-1564","1":"product","2":"type-product","3":"status-publish","4":"has-post-thumbnail","6":"product_cat-initial-d","7":"product_cat-novedades","8":"product_cat-ofertas","9":"product_tag-plastic-model","11":"first","12":"instock","13":"sale","14":"shipping-taxable","15":"purchasable","16":"product-type-simple"},"_links":{"self":[{"href":"https:\/\/juanchitoys.com\/index.php\/wp-json\/wp\/v2\/product\/1564","targetHints":{"allow":["GET"]}}],"collection":[{"href":"https:\/\/juanchitoys.com\/index.php\/wp-json\/wp\/v2\/product"}],"about":[{"href":"https:\/\/juanchitoys.com\/index.php\/wp-json\/wp\/v2\/types\/product"}],"replies":[{"embeddable":true,"href":"https:\/\/juanchitoys.com\/index.php\/wp-json\/wp\/v2\/comments?post=1564"}],"wp:featuredmedia":[{"embeddable":true,"href":"https:\/\/juanchitoys.com\/index.php\/wp-json\/wp\/v2\/media\/1565"}],"wp:attachment":[{"href":"https:\/\/juanchitoys.com\/index.php\/wp-json\/wp\/v2\/media?parent=1564"}],"wp:term":[{"taxonomy":"product_brand","embeddable":true,"href":"https:\/\/juanchitoys.com\/index.php\/wp-json\/wp\/v2\/product_brand?post=1564"},{"taxonomy":"product_cat","embeddable":true,"href":"https:\/\/juanchitoys.com\/index.php\/wp-json\/wp\/v2\/product_cat?post=1564"},{"taxonomy":"product_tag","embeddable":true,"href":"https:\/\/juanchitoys.com\/index.php\/wp-json\/wp\/v2\/product_tag?post=1564"}],"curies":[{"name":"wp","href":"https:\/\/api.w.org\/{rel}","templated":true}]}}