{"id":1554,"date":"2024-06-18T15:03:19","date_gmt":"2024-06-18T20:03:19","guid":{"rendered":"https:\/\/juanchitoys.com\/?post_type=product&#038;p=1554"},"modified":"2025-01-23T19:21:16","modified_gmt":"2025-01-24T00:21:16","slug":"initial-d-ae86-trueno-early-type-gt-apex-plastic-model","status":"publish","type":"product","link":"https:\/\/juanchitoys.com\/index.php\/producto\/initial-d-ae86-trueno-early-type-gt-apex-plastic-model\/","title":{"rendered":"INITIAL D AE86 TRUENO EARLY TYPE GT APEX PLASTIC MODEL"},"content":{"rendered":"<p>EL INITIAL D AE86 TRUENO EARLY TYPE GT APEX ES UNA VERSI\u00d3N ESPEC\u00cdFICA DEL TOYOTA AE86 CONOCIDA POR SU PARTICIPACI\u00d3N EN EL MANGA Y ANIME INITIAL D. EQUIPADO CON UN MOTOR 4A-GE DE 1.6 LITROS Y TRACCI\u00d3N TRASERA, ESTE MODELO DESTACA POR SU LIGEREZA, AGILIDAD Y POPULARIDAD EN LAS CARRERAS CALLEJERAS JAPONESAS DE LOS A\u00d1OS 80.<br \/>\nES HORA DE COMPARTIR UN BUEN MOMENTO ARMANDO ESTA INCREIBLE PIEZA HISTORICA, NO PIERDAS ESTA OPORTUNIDAD Y ADQUIERE EL TUYO!<\/p>\n<p>FICHA TECNICA:<br \/>\nESCALA: 1\/32FABRICADO POR AOSHIMA<br \/>\nESTADO: NUEVO<br \/>\nFIGURA PARA ENSAMBLAR<br \/>\nFABRICADO POR AOSHIMA ORIGEN JAPON<\/p>\n","protected":false},"excerpt":{"rendered":"<p>EL INITIAL D AE86 TRUENO EARLY TYPE GT APEX ES UNA VERSI\u00d3N ESPEC\u00cdFICA DEL TOYOTA AE86 CONOCIDA POR SU PARTICIPACI\u00d3N EN EL MANGA Y ANIME INITIAL D.<\/p>\n","protected":false},"featured_media":1555,"comment_status":"open","ping_status":"closed","template":"","meta":[],"product_brand":[],"product_cat":[90,89,84],"product_tag":[67],"class_list":{"0":"post-1554","1":"product","2":"type-product","3":"status-publish","4":"has-post-thumbnail","6":"product_cat-initial-d","7":"product_cat-novedades","8":"product_cat-ofertas","9":"product_tag-plastic-model","11":"first","12":"instock","13":"sale","14":"shipping-taxable","15":"purchasable","16":"product-type-simple"},"_links":{"self":[{"href":"https:\/\/juanchitoys.com\/index.php\/wp-json\/wp\/v2\/product\/1554","targetHints":{"allow":["GET"]}}],"collection":[{"href":"https:\/\/juanchitoys.com\/index.php\/wp-json\/wp\/v2\/product"}],"about":[{"href":"https:\/\/juanchitoys.com\/index.php\/wp-json\/wp\/v2\/types\/product"}],"replies":[{"embeddable":true,"href":"https:\/\/juanchitoys.com\/index.php\/wp-json\/wp\/v2\/comments?post=1554"}],"wp:featuredmedia":[{"embeddable":true,"href":"https:\/\/juanchitoys.com\/index.php\/wp-json\/wp\/v2\/media\/1555"}],"wp:attachment":[{"href":"https:\/\/juanchitoys.com\/index.php\/wp-json\/wp\/v2\/media?parent=1554"}],"wp:term":[{"taxonomy":"product_brand","embeddable":true,"href":"https:\/\/juanchitoys.com\/index.php\/wp-json\/wp\/v2\/product_brand?post=1554"},{"taxonomy":"product_cat","embeddable":true,"href":"https:\/\/juanchitoys.com\/index.php\/wp-json\/wp\/v2\/product_cat?post=1554"},{"taxonomy":"product_tag","embeddable":true,"href":"https:\/\/juanchitoys.com\/index.php\/wp-json\/wp\/v2\/product_tag?post=1554"}],"curies":[{"name":"wp","href":"https:\/\/api.w.org\/{rel}","templated":true}]}}