{"id":1489,"date":"2024-06-15T16:06:06","date_gmt":"2024-06-15T21:06:06","guid":{"rendered":"https:\/\/juanchitoys.com\/?post_type=product&#038;p=1489"},"modified":"2026-01-06T12:09:46","modified_gmt":"2026-01-06T17:09:46","slug":"megahouse-art-works-monsters-dragon-de-ojos-azules","status":"publish","type":"product","link":"https:\/\/juanchitoys.com\/index.php\/producto\/megahouse-art-works-monsters-dragon-de-ojos-azules\/","title":{"rendered":"MEGAHOUSE ART WORKS MONSTERS DRAGON DE OJOS AZULES"},"content":{"rendered":"<p>PARA CELEBRAR QUE ART WORKS MONSTERS COMIENCE DE NUEVO, ESTAMOS RELANZANDO EL PRIMERO DE LA SERIE, \u00a1EL DRAG\u00d3N BLANCO DE OJOS AZULES!<\/p>\n<p>KENJI ANDO HA ESTADO INVOLUCRADO DESDE EL DISE\u00d1O CONCEPTUAL INICIAL HASTA LA ESCULTURA Y LA PINTURA, CREANDO UN DRAG\u00d3N BLANCO DE OJOS AZULES DEFINITIVO DE 280 MM DE ALTURA CON LAS ALAS ABIERTAS; \u00a1LISTO PARA DESTRUIR A CUALQUIER OPONENTE QUE SE INTERPONGA EN SU CAMINO!<\/p>\n<p>CADA CENT\u00cdMETRO DE LA FIGURA EST\u00c1 INTRINCADAMENTE ESCULPIDO, LO QUE GARANTIZA QUE, SIN IMPORTAR EL \u00c1NGULO QUE ELIJAS MIRAR, EL PODEROSO DRAG\u00d3N SE VEA INCRE\u00cdBLE, Y LA ESCULTURA REALISTA PARECE COMO SI ACABARA DE SER CONVOCADO, \u00a1Y PUEDES IMAGINAR EL PODEROSO RUGIDO DEL DRAG\u00d3N!<\/p>\n<p>EL COLOR IC\u00d3NICO DE LOS OJOS AZULES SE HA CAPTURADO CON UN ACABADO DE PINTURA PERLADO JUNTO CON UN DEGRADADO AZUL EN TODO EL CUERPO, MIENTRAS QUE LAS ALAS TAMBI\u00c9N UTILIZAN UN MATERIAL SEMITRANSL\u00daCIDO PARA CAPTURAR FIELMENTE LA TEXTURA DE LAS ALAS.<\/p>\n<p>LAS GARRAS TAMBI\u00c9N USAN PARTES SEMITRANSL\u00daCIDAS PARA ALTERNAR A\u00daN M\u00c1S TEXTURAS Y AGREGAR A\u00daN M\u00c1S REALISMO AL DRAG\u00d3N. \u00a1ASEG\u00daRATE DE NO PERDERTE ESTA REEDICI\u00d3N DEL HERMOSO DRAG\u00d3N BLANCO DE OJOS AZULES!<\/p>\n<p>FICHA TECNICA:<br \/>\n*MARCA MEGAHOUSE<br \/>\n*TAMA\u00d1O 28 CM<\/p>\n","protected":false},"excerpt":{"rendered":"<p>PARA CELEBRAR QUE ART WORKS MONSTERS COMIENCE DE NUEVO, ESTAMOS RELANZANDO EL PRIMERO DE LA SERIE, \u00a1EL DRAG\u00d3N BLANCO DE OJOS AZULES!<\/p>\n","protected":false},"featured_media":1490,"comment_status":"open","ping_status":"closed","template":"","meta":[],"product_brand":[],"product_cat":[17,84,79],"product_tag":[80],"class_list":{"0":"post-1489","1":"product","2":"type-product","3":"status-publish","4":"has-post-thumbnail","6":"product_cat-anime","7":"product_cat-ofertas","8":"product_cat-yu-gi-oh","9":"product_tag-megahouse","11":"first","12":"outofstock","13":"sale","14":"shipping-taxable","15":"purchasable","16":"product-type-simple"},"_links":{"self":[{"href":"https:\/\/juanchitoys.com\/index.php\/wp-json\/wp\/v2\/product\/1489","targetHints":{"allow":["GET"]}}],"collection":[{"href":"https:\/\/juanchitoys.com\/index.php\/wp-json\/wp\/v2\/product"}],"about":[{"href":"https:\/\/juanchitoys.com\/index.php\/wp-json\/wp\/v2\/types\/product"}],"replies":[{"embeddable":true,"href":"https:\/\/juanchitoys.com\/index.php\/wp-json\/wp\/v2\/comments?post=1489"}],"wp:featuredmedia":[{"embeddable":true,"href":"https:\/\/juanchitoys.com\/index.php\/wp-json\/wp\/v2\/media\/1490"}],"wp:attachment":[{"href":"https:\/\/juanchitoys.com\/index.php\/wp-json\/wp\/v2\/media?parent=1489"}],"wp:term":[{"taxonomy":"product_brand","embeddable":true,"href":"https:\/\/juanchitoys.com\/index.php\/wp-json\/wp\/v2\/product_brand?post=1489"},{"taxonomy":"product_cat","embeddable":true,"href":"https:\/\/juanchitoys.com\/index.php\/wp-json\/wp\/v2\/product_cat?post=1489"},{"taxonomy":"product_tag","embeddable":true,"href":"https:\/\/juanchitoys.com\/index.php\/wp-json\/wp\/v2\/product_tag?post=1489"}],"curies":[{"name":"wp","href":"https:\/\/api.w.org\/{rel}","templated":true}]}}