{"id":1466,"date":"2024-06-15T15:17:27","date_gmt":"2024-06-15T20:17:27","guid":{"rendered":"https:\/\/juanchitoys.com\/?post_type=product&#038;p=1466"},"modified":"2024-06-15T15:17:27","modified_gmt":"2024-06-15T20:17:27","slug":"capitana-marvel-diamond-select","status":"publish","type":"product","link":"https:\/\/juanchitoys.com\/index.php\/producto\/capitana-marvel-diamond-select\/","title":{"rendered":"CAPITANA MARVEL DIAMOND SELECT"},"content":{"rendered":"<p>LA FIGURA &#8220;CAPITANA MARVEL DIAMOND SELECT&#8221; ES UNA REPRESENTACI\u00d3N DETALLADA Y ALTAMENTE ARTICULADA DE CAROL DANVERS, TAMBI\u00c9N CONOCIDA COMO CAPITANA MARVEL. ESTA FIGURA CAPTURA SU PODEROSA APARIENCIA CON DETALLES PRECISOS DE SU TRAJE CARACTER\u00cdSTICO, INCLUYENDO EL S\u00cdMBOLO IC\u00d3NICO Y LA COMBINACI\u00d3N DE COLORES DISTINTIVOS. EQUIPADA CON UNA VARIEDAD DE ACCESORIOS Y CON UNA BASE PARA EXHIBICI\u00d3N, LA FIGURA PERMITE RECREAR ESCENAS DE ACCI\u00d3N DIN\u00c1MICAS<\/p>\n<p>FICHA TENICA:<br \/>\nTAMA\u00d1O 23 CM<br \/>\nMARCA MARVEL<br \/>\nLINEA DIAMOND SELECT TOYS-GALLERY<\/p>\n","protected":false},"excerpt":{"rendered":"<p>LA FIGURA &#8220;CAPITANA MARVEL DIAMOND SELECT&#8221; ES UNA REPRESENTACI\u00d3N DETALLADA Y ALTAMENTE ARTICULADA DE CAROL DANVERS, TAMBI\u00c9N CONOCIDA COMO CAPITANA MARVEL<\/p>\n","protected":false},"featured_media":1470,"comment_status":"open","ping_status":"closed","template":"","meta":[],"product_brand":[],"product_cat":[60,75],"product_tag":[76,77],"class_list":{"0":"post-1466","1":"product","2":"type-product","3":"status-publish","4":"has-post-thumbnail","6":"product_cat-peliculas","7":"product_cat-varios","8":"product_tag-diamond","9":"product_tag-marvel","11":"first","12":"instock","13":"shipping-taxable","14":"purchasable","15":"product-type-simple"},"_links":{"self":[{"href":"https:\/\/juanchitoys.com\/index.php\/wp-json\/wp\/v2\/product\/1466","targetHints":{"allow":["GET"]}}],"collection":[{"href":"https:\/\/juanchitoys.com\/index.php\/wp-json\/wp\/v2\/product"}],"about":[{"href":"https:\/\/juanchitoys.com\/index.php\/wp-json\/wp\/v2\/types\/product"}],"replies":[{"embeddable":true,"href":"https:\/\/juanchitoys.com\/index.php\/wp-json\/wp\/v2\/comments?post=1466"}],"wp:featuredmedia":[{"embeddable":true,"href":"https:\/\/juanchitoys.com\/index.php\/wp-json\/wp\/v2\/media\/1470"}],"wp:attachment":[{"href":"https:\/\/juanchitoys.com\/index.php\/wp-json\/wp\/v2\/media?parent=1466"}],"wp:term":[{"taxonomy":"product_brand","embeddable":true,"href":"https:\/\/juanchitoys.com\/index.php\/wp-json\/wp\/v2\/product_brand?post=1466"},{"taxonomy":"product_cat","embeddable":true,"href":"https:\/\/juanchitoys.com\/index.php\/wp-json\/wp\/v2\/product_cat?post=1466"},{"taxonomy":"product_tag","embeddable":true,"href":"https:\/\/juanchitoys.com\/index.php\/wp-json\/wp\/v2\/product_tag?post=1466"}],"curies":[{"name":"wp","href":"https:\/\/api.w.org\/{rel}","templated":true}]}}