{"id":1461,"date":"2024-06-15T14:59:59","date_gmt":"2024-06-15T19:59:59","guid":{"rendered":"https:\/\/juanchitoys.com\/?post_type=product&#038;p=1461"},"modified":"2024-06-15T15:00:00","modified_gmt":"2024-06-15T20:00:00","slug":"the-power-of-the-force-rebel-fleet-trooper","status":"publish","type":"product","link":"https:\/\/juanchitoys.com\/index.php\/producto\/the-power-of-the-force-rebel-fleet-trooper\/","title":{"rendered":"THE POWER OF THE FORCE REBEL FLEET TROOPER"},"content":{"rendered":"<p>&#8220;THE POWER OF THE FORCE REBEL FLEET TROOPER&#8221; ES UNA FIGURA DE ACCI\u00d3N DE STAR WARS QUE REPRESENTA A UN VALIENTE SOLDADO DE LA FLOTA REBELDE. LA FIGURA CAPTURA SU APARIENCIA CON DETALLES PRECISOS DE SU UNIFORME MILITAR Y EQUIPO DE COMBATE, LISTO PARA ENFRENTAR AL IMPERIO GAL\u00c1CTICO EN NOMBRE DE LA ALIANZA REBELDE. ES UNA REPRESENTACI\u00d3N IC\u00d3NICA DE LOS COMBATIENTES REBELDES QUE LUCHAN POR LA LIBERTAD Y LA JUSTICIA EN LA GALAXIA, ESPECIALMENTE DESTACADA POR SU PAPEL EN LA BATALLA DE LA ESTRELLA DE LA MUERTE EN &#8220;UNA NUEVA ESPERA&#8221;.<\/p>\n<p>FICHA TENICA:<br \/>\nTAMA\u00d1O 10 CM<br \/>\nMARCA HASBRO 1997<\/p>\n","protected":false},"excerpt":{"rendered":"<p>&#8220;THE POWER OF THE FORCE REBEL FLEET TROOPER&#8221; ES UNA FIGURA DE ACCI\u00d3N DE STAR WARS QUE REPRESENTA A UN VALIENTE SOLDADO DE LA FLOTA REBELDE<\/p>\n","protected":false},"featured_media":1462,"comment_status":"open","ping_status":"closed","template":"","meta":[],"product_brand":[],"product_cat":[60,72],"product_tag":[73],"class_list":{"0":"post-1461","1":"product","2":"type-product","3":"status-publish","4":"has-post-thumbnail","6":"product_cat-peliculas","7":"product_cat-star-wars","8":"product_tag-hasbro","10":"first","11":"instock","12":"shipping-taxable","13":"purchasable","14":"product-type-simple"},"_links":{"self":[{"href":"https:\/\/juanchitoys.com\/index.php\/wp-json\/wp\/v2\/product\/1461","targetHints":{"allow":["GET"]}}],"collection":[{"href":"https:\/\/juanchitoys.com\/index.php\/wp-json\/wp\/v2\/product"}],"about":[{"href":"https:\/\/juanchitoys.com\/index.php\/wp-json\/wp\/v2\/types\/product"}],"replies":[{"embeddable":true,"href":"https:\/\/juanchitoys.com\/index.php\/wp-json\/wp\/v2\/comments?post=1461"}],"wp:featuredmedia":[{"embeddable":true,"href":"https:\/\/juanchitoys.com\/index.php\/wp-json\/wp\/v2\/media\/1462"}],"wp:attachment":[{"href":"https:\/\/juanchitoys.com\/index.php\/wp-json\/wp\/v2\/media?parent=1461"}],"wp:term":[{"taxonomy":"product_brand","embeddable":true,"href":"https:\/\/juanchitoys.com\/index.php\/wp-json\/wp\/v2\/product_brand?post=1461"},{"taxonomy":"product_cat","embeddable":true,"href":"https:\/\/juanchitoys.com\/index.php\/wp-json\/wp\/v2\/product_cat?post=1461"},{"taxonomy":"product_tag","embeddable":true,"href":"https:\/\/juanchitoys.com\/index.php\/wp-json\/wp\/v2\/product_tag?post=1461"}],"curies":[{"name":"wp","href":"https:\/\/api.w.org\/{rel}","templated":true}]}}