{"id":1458,"date":"2024-06-15T14:58:30","date_gmt":"2024-06-15T19:58:30","guid":{"rendered":"https:\/\/juanchitoys.com\/?post_type=product&#038;p=1458"},"modified":"2024-06-15T14:58:30","modified_gmt":"2024-06-15T19:58:30","slug":"the-power-of-the-force-lobot","status":"publish","type":"product","link":"https:\/\/juanchitoys.com\/index.php\/producto\/the-power-of-the-force-lobot\/","title":{"rendered":"THE POWER OF THE FORCE LOBOT"},"content":{"rendered":"<p>&#8220;THE POWER OF THE FORCE LOBOT&#8221; ES UNA FIGURA DE ACCI\u00d3N DE STAR WARS QUE REPRESENTA A LOBOT, EL LEAL Y CIBERN\u00c9TICO ASISTENTE DE LANDO CALRISSIAN EN CLOUD CITY. LA FIGURA CAPTURA SU APARIENCIA CON DETALLES PRECISOS DE SU IMPLANTE CIBERN\u00c9TICO EN LA CABEZA Y SU VESTIMENTA CARACTER\u00cdSTICA. ES UNA REPRESENTACI\u00d3N IC\u00d3NICA DE UN PERSONAJE SECUNDARIO NOTABLE EN LA SAGA, CONOCIDO POR SU HABILIDAD TECNOL\u00d3GICA Y LEALTAD HACIA LANDO Y LA CAUSA REBELDE.<\/p>\n<p>FICHA TENICA:<br \/>\nTAMA\u00d1O 10 CM<br \/>\nMARCA HASBRO 1998<\/p>\n","protected":false},"excerpt":{"rendered":"<p>&#8220;THE POWER OF THE FORCE LOBOT&#8221; ES UNA FIGURA DE ACCI\u00d3N DE STAR WARS QUE REPRESENTA A LOBOT, EL LEAL Y CIBERN\u00c9TICO ASISTENTE DE LANDO CALRISSIAN EN CLOUD CITY<\/p>\n","protected":false},"featured_media":1459,"comment_status":"open","ping_status":"closed","template":"","meta":[],"product_brand":[],"product_cat":[60,72],"product_tag":[73],"class_list":{"0":"post-1458","1":"product","2":"type-product","3":"status-publish","4":"has-post-thumbnail","6":"product_cat-peliculas","7":"product_cat-star-wars","8":"product_tag-hasbro","10":"first","11":"instock","12":"shipping-taxable","13":"purchasable","14":"product-type-simple"},"_links":{"self":[{"href":"https:\/\/juanchitoys.com\/index.php\/wp-json\/wp\/v2\/product\/1458","targetHints":{"allow":["GET"]}}],"collection":[{"href":"https:\/\/juanchitoys.com\/index.php\/wp-json\/wp\/v2\/product"}],"about":[{"href":"https:\/\/juanchitoys.com\/index.php\/wp-json\/wp\/v2\/types\/product"}],"replies":[{"embeddable":true,"href":"https:\/\/juanchitoys.com\/index.php\/wp-json\/wp\/v2\/comments?post=1458"}],"wp:featuredmedia":[{"embeddable":true,"href":"https:\/\/juanchitoys.com\/index.php\/wp-json\/wp\/v2\/media\/1459"}],"wp:attachment":[{"href":"https:\/\/juanchitoys.com\/index.php\/wp-json\/wp\/v2\/media?parent=1458"}],"wp:term":[{"taxonomy":"product_brand","embeddable":true,"href":"https:\/\/juanchitoys.com\/index.php\/wp-json\/wp\/v2\/product_brand?post=1458"},{"taxonomy":"product_cat","embeddable":true,"href":"https:\/\/juanchitoys.com\/index.php\/wp-json\/wp\/v2\/product_cat?post=1458"},{"taxonomy":"product_tag","embeddable":true,"href":"https:\/\/juanchitoys.com\/index.php\/wp-json\/wp\/v2\/product_tag?post=1458"}],"curies":[{"name":"wp","href":"https:\/\/api.w.org\/{rel}","templated":true}]}}