{"id":1455,"date":"2024-06-15T14:55:27","date_gmt":"2024-06-15T19:55:27","guid":{"rendered":"https:\/\/juanchitoys.com\/?post_type=product&#038;p=1455"},"modified":"2024-06-15T14:55:27","modified_gmt":"2024-06-15T19:55:27","slug":"the-power-of-the-force-lando-calrissian","status":"publish","type":"product","link":"https:\/\/juanchitoys.com\/index.php\/producto\/the-power-of-the-force-lando-calrissian\/","title":{"rendered":"THE POWER OF THE FORCE LANDO CALRISSIAN"},"content":{"rendered":"<p>&#8220;EL PODER DE LA FUERZA LANDO CALRISSIAN&#8221; ES UNA FIGURA DE ACCI\u00d3N DE STAR WARS QUE REPRESENTA AL CARISM\u00c1TICO Y VERS\u00c1TIL LANDO CALRISSIAN. LA FIGURA CAPTURA SU ESTILO \u00daNICO Y CONFIADO, REFLEJANDO SU PAPEL COMO L\u00cdDER Y ALIADO CLAVE EN LA LUCHA CONTRA EL IMPERIO GAL\u00c1CTICO. ES UNA REPRESENTACI\u00d3N IC\u00d3NICA DEL PERSONAJE, CONOCIDO POR SU HABILIDAD COMO PILOTO, SU ELEGANCIA EN LA CIUDAD DE LAS NUBES Y SU VALIENTE PARTICIPACI\u00d3N EN LA ALIANZA REBELDE.<\/p>\n<p>FICHA TENICA:<br \/>\nTAMA\u00d1O 10 CM<br \/>\nMARCA HASBRO 1995<\/p>\n","protected":false},"excerpt":{"rendered":"<p>&#8220;EL PODER DE LA FUERZA LANDO CALRISSIAN&#8221; ES UNA FIGURA DE ACCI\u00d3N DE STAR WARS QUE REPRESENTA AL CARISM\u00c1TICO Y VERS\u00c1TIL LANDO CALRISSIAN<\/p>\n","protected":false},"featured_media":1456,"comment_status":"open","ping_status":"closed","template":"","meta":[],"product_brand":[],"product_cat":[60,72],"product_tag":[73],"class_list":{"0":"post-1455","1":"product","2":"type-product","3":"status-publish","4":"has-post-thumbnail","6":"product_cat-peliculas","7":"product_cat-star-wars","8":"product_tag-hasbro","10":"first","11":"instock","12":"shipping-taxable","13":"purchasable","14":"product-type-simple"},"_links":{"self":[{"href":"https:\/\/juanchitoys.com\/index.php\/wp-json\/wp\/v2\/product\/1455","targetHints":{"allow":["GET"]}}],"collection":[{"href":"https:\/\/juanchitoys.com\/index.php\/wp-json\/wp\/v2\/product"}],"about":[{"href":"https:\/\/juanchitoys.com\/index.php\/wp-json\/wp\/v2\/types\/product"}],"replies":[{"embeddable":true,"href":"https:\/\/juanchitoys.com\/index.php\/wp-json\/wp\/v2\/comments?post=1455"}],"wp:featuredmedia":[{"embeddable":true,"href":"https:\/\/juanchitoys.com\/index.php\/wp-json\/wp\/v2\/media\/1456"}],"wp:attachment":[{"href":"https:\/\/juanchitoys.com\/index.php\/wp-json\/wp\/v2\/media?parent=1455"}],"wp:term":[{"taxonomy":"product_brand","embeddable":true,"href":"https:\/\/juanchitoys.com\/index.php\/wp-json\/wp\/v2\/product_brand?post=1455"},{"taxonomy":"product_cat","embeddable":true,"href":"https:\/\/juanchitoys.com\/index.php\/wp-json\/wp\/v2\/product_cat?post=1455"},{"taxonomy":"product_tag","embeddable":true,"href":"https:\/\/juanchitoys.com\/index.php\/wp-json\/wp\/v2\/product_tag?post=1455"}],"curies":[{"name":"wp","href":"https:\/\/api.w.org\/{rel}","templated":true}]}}