{"id":1445,"date":"2024-06-15T14:48:14","date_gmt":"2024-06-15T19:48:14","guid":{"rendered":"https:\/\/juanchitoys.com\/?post_type=product&#038;p=1445"},"modified":"2024-06-15T14:48:15","modified_gmt":"2024-06-15T19:48:15","slug":"the-power-of-the-force-han-solo-with-heavy-assault-rifle-and-blaster","status":"publish","type":"product","link":"https:\/\/juanchitoys.com\/index.php\/producto\/the-power-of-the-force-han-solo-with-heavy-assault-rifle-and-blaster\/","title":{"rendered":"THE POWER OF THE FORCE HAN SOLO WITH HEAVY ASSAULT RIFLE AND BLASTER"},"content":{"rendered":"<p>THE POWER OF THE FORCE HAN SOLO WITH HEAVY ASSAULT RIFLE AND BLASTER&#8221; ES UNA FIGURA DE ACCI\u00d3N DE STAR WARS QUE MUESTRA A HAN SOLO EQUIPADO CON UN RIFLE DE ASALTO PESADO ADEM\u00c1S DE SU BL\u00c1STER CARACTER\u00cdSTICO. LA FIGURA CAPTURA SU DETERMINACI\u00d3N Y HABILIDAD T\u00c1CTICA MIENTRAS SE PREPARA PARA ENFRENTAR DESAF\u00cdOS EN SITUACIONES DE COMBATE INTENSAS. ES UNA REPRESENTACI\u00d3N DIN\u00c1MICA DEL VALIENTE CONTRABANDISTA Y L\u00cdDER REBELDE.<\/p>\n<p>FICHA TENICA:<br \/>\nTAMA\u00d1O 10 CM<br \/>\nMARCA HASBRO 1995<\/p>\n","protected":false},"excerpt":{"rendered":"<p>THE POWER OF THE FORCE HAN SOLO WITH HEAVY ASSAULT RIFLE AND BLASTER&#8221; ES UNA FIGURA DE ACCI\u00d3N DE STAR WARS QUE MUESTRA A HAN SOLO<\/p>\n","protected":false},"featured_media":1448,"comment_status":"open","ping_status":"closed","template":"","meta":[],"product_brand":[],"product_cat":[60,72],"product_tag":[73],"class_list":{"0":"post-1445","1":"product","2":"type-product","3":"status-publish","4":"has-post-thumbnail","6":"product_cat-peliculas","7":"product_cat-star-wars","8":"product_tag-hasbro","10":"first","11":"instock","12":"shipping-taxable","13":"purchasable","14":"product-type-simple"},"_links":{"self":[{"href":"https:\/\/juanchitoys.com\/index.php\/wp-json\/wp\/v2\/product\/1445","targetHints":{"allow":["GET"]}}],"collection":[{"href":"https:\/\/juanchitoys.com\/index.php\/wp-json\/wp\/v2\/product"}],"about":[{"href":"https:\/\/juanchitoys.com\/index.php\/wp-json\/wp\/v2\/types\/product"}],"replies":[{"embeddable":true,"href":"https:\/\/juanchitoys.com\/index.php\/wp-json\/wp\/v2\/comments?post=1445"}],"wp:featuredmedia":[{"embeddable":true,"href":"https:\/\/juanchitoys.com\/index.php\/wp-json\/wp\/v2\/media\/1448"}],"wp:attachment":[{"href":"https:\/\/juanchitoys.com\/index.php\/wp-json\/wp\/v2\/media?parent=1445"}],"wp:term":[{"taxonomy":"product_brand","embeddable":true,"href":"https:\/\/juanchitoys.com\/index.php\/wp-json\/wp\/v2\/product_brand?post=1445"},{"taxonomy":"product_cat","embeddable":true,"href":"https:\/\/juanchitoys.com\/index.php\/wp-json\/wp\/v2\/product_cat?post=1445"},{"taxonomy":"product_tag","embeddable":true,"href":"https:\/\/juanchitoys.com\/index.php\/wp-json\/wp\/v2\/product_tag?post=1445"}],"curies":[{"name":"wp","href":"https:\/\/api.w.org\/{rel}","templated":true}]}}