{"id":1434,"date":"2024-06-15T14:37:15","date_gmt":"2024-06-15T19:37:15","guid":{"rendered":"https:\/\/juanchitoys.com\/?post_type=product&#038;p=1434"},"modified":"2024-06-15T14:37:15","modified_gmt":"2024-06-15T19:37:15","slug":"the-power-of-the-force-ben-obi-wan-kenobi","status":"publish","type":"product","link":"https:\/\/juanchitoys.com\/index.php\/producto\/the-power-of-the-force-ben-obi-wan-kenobi\/","title":{"rendered":"THE POWER OF THE FORCE BEN( OBI-WAN) KENOBI"},"content":{"rendered":"<p>&#8220;EL PODER DE LA FUERZA BEN (OBI-WAN)&#8221; ES UNA FIGURA DE ACCI\u00d3N DE STAR WARS QUE REPRESENTA AL VENERABLE JEDI OBI-WAN KENOBI. ESTA FIGURA CAPTURA SU PRESENCIA SERENA Y SU CONEXI\u00d3N CON LA FUERZA, MOSTR\u00c1NDOLO EN SU PAPEL DE MENTOR Y GUARDI\u00c1N DE LA PAZ GAL\u00c1CTICA. CON DETALLES FIELES A SU APARICI\u00d3N EN &#8220;UNA NUEVA ESPERANZA&#8221;, ESTA FIGURA ES UN HOMENAJE AL IC\u00d3NICO PERSONAJE DE LA SAGA<\/p>\n<p>FICHA TENICA:<br \/>\nTAMA\u00d1O 10 CM<br \/>\nMARCA HASBRO 1995<\/p>\n","protected":false},"excerpt":{"rendered":"<p>&#8220;EL PODER DE LA FUERZA BEN (OBI-WAN)&#8221; ES UNA FIGURA DE ACCI\u00d3N DE STAR WARS QUE REPRESENTA AL VENERABLE JEDI OBI-WAN KENOBI<\/p>\n","protected":false},"featured_media":1435,"comment_status":"open","ping_status":"closed","template":"","meta":[],"product_brand":[],"product_cat":[60,72],"product_tag":[73],"class_list":{"0":"post-1434","1":"product","2":"type-product","3":"status-publish","4":"has-post-thumbnail","6":"product_cat-peliculas","7":"product_cat-star-wars","8":"product_tag-hasbro","10":"first","11":"instock","12":"shipping-taxable","13":"purchasable","14":"product-type-simple"},"_links":{"self":[{"href":"https:\/\/juanchitoys.com\/index.php\/wp-json\/wp\/v2\/product\/1434","targetHints":{"allow":["GET"]}}],"collection":[{"href":"https:\/\/juanchitoys.com\/index.php\/wp-json\/wp\/v2\/product"}],"about":[{"href":"https:\/\/juanchitoys.com\/index.php\/wp-json\/wp\/v2\/types\/product"}],"replies":[{"embeddable":true,"href":"https:\/\/juanchitoys.com\/index.php\/wp-json\/wp\/v2\/comments?post=1434"}],"wp:featuredmedia":[{"embeddable":true,"href":"https:\/\/juanchitoys.com\/index.php\/wp-json\/wp\/v2\/media\/1435"}],"wp:attachment":[{"href":"https:\/\/juanchitoys.com\/index.php\/wp-json\/wp\/v2\/media?parent=1434"}],"wp:term":[{"taxonomy":"product_brand","embeddable":true,"href":"https:\/\/juanchitoys.com\/index.php\/wp-json\/wp\/v2\/product_brand?post=1434"},{"taxonomy":"product_cat","embeddable":true,"href":"https:\/\/juanchitoys.com\/index.php\/wp-json\/wp\/v2\/product_cat?post=1434"},{"taxonomy":"product_tag","embeddable":true,"href":"https:\/\/juanchitoys.com\/index.php\/wp-json\/wp\/v2\/product_tag?post=1434"}],"curies":[{"name":"wp","href":"https:\/\/api.w.org\/{rel}","templated":true}]}}