{"id":1430,"date":"2024-06-15T14:35:01","date_gmt":"2024-06-15T19:35:01","guid":{"rendered":"https:\/\/juanchitoys.com\/?post_type=product&#038;p=1430"},"modified":"2024-06-15T14:35:02","modified_gmt":"2024-06-15T19:35:02","slug":"the-power-of-the-force-all-new-likeness-of-luke","status":"publish","type":"product","link":"https:\/\/juanchitoys.com\/index.php\/producto\/the-power-of-the-force-all-new-likeness-of-luke\/","title":{"rendered":"THE POWER OF THE FORCE ALL NEW LIKENESS OF LUKE"},"content":{"rendered":"<p>&#8220;THE POWER OF THE FORCE ALL NEW LIKENESS OF LUKE&#8221; ES UNA FIGURA DE ACCI\u00d3N DE STAR WARS QUE PRESENTA UNA REPRESENTACI\u00d3N RENOVADA Y DETALLADA DE LUKE SKYWALKER. LA FIGURA CAPTURA SU APARIENCIA DISTINTIVA Y CARACTER\u00cdSTICAS FACIALES MEJORADAS, REFLEJANDO SU PAPEL COMO UN JOVEN Y VALIENTE JEDI EN LA LUCHA CONTRA EL IMPERIO GAL\u00c1CTICO.<\/p>\n<p>FICHA TENICA:<br \/>\nTAMA\u00d1O 10 CM<br \/>\nMARCA HASBRO 1997<\/p>\n","protected":false},"excerpt":{"rendered":"<p>&#8220;THE POWER OF THE FORCE ALL NEW LIKENESS OF LUKE&#8221; ES UNA FIGURA DE ACCI\u00d3N DE STAR WARS QUE PRESENTA UNA REPRESENTACI\u00d3N RENOVADA Y DETALLADA DE LUKE SKYWALKER.<\/p>\n","protected":false},"featured_media":1431,"comment_status":"open","ping_status":"closed","template":"","meta":[],"product_brand":[],"product_cat":[60,72],"product_tag":[73],"class_list":{"0":"post-1430","1":"product","2":"type-product","3":"status-publish","4":"has-post-thumbnail","6":"product_cat-peliculas","7":"product_cat-star-wars","8":"product_tag-hasbro","10":"first","11":"instock","12":"shipping-taxable","13":"purchasable","14":"product-type-simple"},"_links":{"self":[{"href":"https:\/\/juanchitoys.com\/index.php\/wp-json\/wp\/v2\/product\/1430","targetHints":{"allow":["GET"]}}],"collection":[{"href":"https:\/\/juanchitoys.com\/index.php\/wp-json\/wp\/v2\/product"}],"about":[{"href":"https:\/\/juanchitoys.com\/index.php\/wp-json\/wp\/v2\/types\/product"}],"replies":[{"embeddable":true,"href":"https:\/\/juanchitoys.com\/index.php\/wp-json\/wp\/v2\/comments?post=1430"}],"wp:featuredmedia":[{"embeddable":true,"href":"https:\/\/juanchitoys.com\/index.php\/wp-json\/wp\/v2\/media\/1431"}],"wp:attachment":[{"href":"https:\/\/juanchitoys.com\/index.php\/wp-json\/wp\/v2\/media?parent=1430"}],"wp:term":[{"taxonomy":"product_brand","embeddable":true,"href":"https:\/\/juanchitoys.com\/index.php\/wp-json\/wp\/v2\/product_brand?post=1430"},{"taxonomy":"product_cat","embeddable":true,"href":"https:\/\/juanchitoys.com\/index.php\/wp-json\/wp\/v2\/product_cat?post=1430"},{"taxonomy":"product_tag","embeddable":true,"href":"https:\/\/juanchitoys.com\/index.php\/wp-json\/wp\/v2\/product_tag?post=1430"}],"curies":[{"name":"wp","href":"https:\/\/api.w.org\/{rel}","templated":true}]}}