{"id":143,"date":"2024-06-06T10:43:58","date_gmt":"2024-06-06T15:43:58","guid":{"rendered":"https:\/\/juanchitoys.com\/?post_type=product&#038;p=143"},"modified":"2025-06-13T09:36:04","modified_gmt":"2025-06-13T14:36:04","slug":"son-goku-gx-materia","status":"publish","type":"product","link":"https:\/\/juanchitoys.com\/index.php\/producto\/son-goku-gx-materia\/","title":{"rendered":"SON GOKU GX MATERIA"},"content":{"rendered":"<p>BANPRESTO GX MATERIA: DRAGON BALL &#8211; GOKU KAMEHAMEHA DE PIE BANPRESTO SE ENORGULLECE EN ANUNCIAR LA NUEVA ADICI\u00d3N A LA L\u00cdNEA GX MATERIA, CON GOKU KAMEHAMEHA DE PIE, QUE HACE SU INCRE\u00cdBLE APARICI\u00d3N PARA LA SERIE DE FIGURAS DE BANPRESTO DEL IC\u00d3NICO Y POPULAR ANIME DRAGON BALL.<\/p>\n<p>LA FIGURA HA SIDO FABRICADA SIN DEJAR PASAR EL M\u00c1S M\u00cdNIMO DETALLE DEL PERSONAJE ORIGINAL, PARA QUE FAN\u00c1TICOS Y COLECCIONISTAS<br \/>\nPUEDAN LLEVARLO A CASA Y ENGRANDECER SU FABULOSA COLECCI\u00d3N BANPRESTO DRAGON BALL. \u00a1A\u00d1ADE A GOKU Y DALE UN TOQUE HEROICO A TU COLECCI\u00d3N!.<\/p>\n<p>FICHA TECNICA:<br \/>\n*LICENCIA: DRAGON BALL Z<br \/>\n*FABRICANTE: BANPRESTO (BANDAI SPIRITS)<br \/>\n*ALTURA: 13 CM<br \/>\n*COLECCI\u00d3N: G\u00d7MATERIA<br \/>\n*TIPO: FIGURA PRE-PINTADA DE PVC Y ABS EN PACKAGING CERRADO<br \/>\n*ORIGEN JAPON<\/p>\n","protected":false},"excerpt":{"rendered":"<p>BANPRESTO GX MATERIA: DRAGON BALL &#8211; GOKU KAMEHAMEHA DE PIE BANPRESTO SE ENORGULLECE EN ANUNCIAR LA NUEVA ADICI\u00d3N A LA L\u00cdNEA GX MATERIA, CON GOKU KAMEHAMEHA DE PIE, QUE HACE SU INCRE\u00cdBLE APARICI\u00d3N PARA LA SERIE DE FIGURAS DE BANPRESTO DEL IC\u00d3NICO Y POPULAR ANIME DRAGON BALL.<\/p>\n","protected":false},"featured_media":147,"comment_status":"open","ping_status":"closed","template":"","meta":[],"product_brand":[],"product_cat":[18],"product_tag":[35,36],"class_list":{"0":"post-143","1":"product","2":"type-product","3":"status-publish","4":"has-post-thumbnail","6":"product_cat-dragon-ball","7":"product_tag-bandai","8":"product_tag-gx-materia","10":"first","11":"outofstock","12":"shipping-taxable","13":"purchasable","14":"product-type-simple"},"_links":{"self":[{"href":"https:\/\/juanchitoys.com\/index.php\/wp-json\/wp\/v2\/product\/143","targetHints":{"allow":["GET"]}}],"collection":[{"href":"https:\/\/juanchitoys.com\/index.php\/wp-json\/wp\/v2\/product"}],"about":[{"href":"https:\/\/juanchitoys.com\/index.php\/wp-json\/wp\/v2\/types\/product"}],"replies":[{"embeddable":true,"href":"https:\/\/juanchitoys.com\/index.php\/wp-json\/wp\/v2\/comments?post=143"}],"wp:featuredmedia":[{"embeddable":true,"href":"https:\/\/juanchitoys.com\/index.php\/wp-json\/wp\/v2\/media\/147"}],"wp:attachment":[{"href":"https:\/\/juanchitoys.com\/index.php\/wp-json\/wp\/v2\/media?parent=143"}],"wp:term":[{"taxonomy":"product_brand","embeddable":true,"href":"https:\/\/juanchitoys.com\/index.php\/wp-json\/wp\/v2\/product_brand?post=143"},{"taxonomy":"product_cat","embeddable":true,"href":"https:\/\/juanchitoys.com\/index.php\/wp-json\/wp\/v2\/product_cat?post=143"},{"taxonomy":"product_tag","embeddable":true,"href":"https:\/\/juanchitoys.com\/index.php\/wp-json\/wp\/v2\/product_tag?post=143"}],"curies":[{"name":"wp","href":"https:\/\/api.w.org\/{rel}","templated":true}]}}