{"id":1422,"date":"2024-06-15T13:52:04","date_gmt":"2024-06-15T18:52:04","guid":{"rendered":"https:\/\/juanchitoys.com\/?post_type=product&#038;p=1422"},"modified":"2024-06-15T13:52:04","modified_gmt":"2024-06-15T18:52:04","slug":"the-force-awakens-constable-zuvio","status":"publish","type":"product","link":"https:\/\/juanchitoys.com\/index.php\/producto\/the-force-awakens-constable-zuvio\/","title":{"rendered":"THE FORCE AWAKENS CONSTABLE ZUVIO"},"content":{"rendered":"<p>&#8220;THE FORCE AWAKENS CONSTABLE ZUVIO&#8221; ES UNA FIGURA DE ACCI\u00d3N DE STAR WARS QUE REPRESENTA AL VIGILANTE Y GUARDI\u00c1N DEL ORDEN EN EL REMOTO PLANETA JAKKU. AUNQUE SU PAPEL EN LA PEL\u00cdCULA &#8220;EL DESPERTAR DE LA FUERZA&#8221; FUE BREVE, LA FIGURA CAPTURA SU ASPECTO DISTINTIVO Y SU SENTIDO DE DEBER EN UN MUNDO FRONTERIZO LLENO DE PELIGROS Y SECRETOS, MOSTRANDO SU DEDICACI\u00d3N A MANTENER LA PAZ EN UN LUGAR DESAFIANTE.<\/p>\n<p>FICHA TENICA:<br \/>\nTAMA\u00d1O 10 CM<br \/>\nMARCA HASBRO 2015<\/p>\n","protected":false},"excerpt":{"rendered":"<p>&#8220;THE FORCE AWAKENS CONSTABLE ZUVIO&#8221; ES UNA FIGURA DE ACCI\u00d3N DE STAR WARS QUE REPRESENTA AL VIGILANTE Y GUARDI\u00c1N DEL ORDEN EN EL REMOTO PLANETA JAKKU<\/p>\n","protected":false},"featured_media":1424,"comment_status":"open","ping_status":"closed","template":"","meta":[],"product_brand":[],"product_cat":[60,72],"product_tag":[73],"class_list":{"0":"post-1422","1":"product","2":"type-product","3":"status-publish","4":"has-post-thumbnail","6":"product_cat-peliculas","7":"product_cat-star-wars","8":"product_tag-hasbro","10":"first","11":"instock","12":"shipping-taxable","13":"purchasable","14":"product-type-simple"},"_links":{"self":[{"href":"https:\/\/juanchitoys.com\/index.php\/wp-json\/wp\/v2\/product\/1422","targetHints":{"allow":["GET"]}}],"collection":[{"href":"https:\/\/juanchitoys.com\/index.php\/wp-json\/wp\/v2\/product"}],"about":[{"href":"https:\/\/juanchitoys.com\/index.php\/wp-json\/wp\/v2\/types\/product"}],"replies":[{"embeddable":true,"href":"https:\/\/juanchitoys.com\/index.php\/wp-json\/wp\/v2\/comments?post=1422"}],"wp:featuredmedia":[{"embeddable":true,"href":"https:\/\/juanchitoys.com\/index.php\/wp-json\/wp\/v2\/media\/1424"}],"wp:attachment":[{"href":"https:\/\/juanchitoys.com\/index.php\/wp-json\/wp\/v2\/media?parent=1422"}],"wp:term":[{"taxonomy":"product_brand","embeddable":true,"href":"https:\/\/juanchitoys.com\/index.php\/wp-json\/wp\/v2\/product_brand?post=1422"},{"taxonomy":"product_cat","embeddable":true,"href":"https:\/\/juanchitoys.com\/index.php\/wp-json\/wp\/v2\/product_cat?post=1422"},{"taxonomy":"product_tag","embeddable":true,"href":"https:\/\/juanchitoys.com\/index.php\/wp-json\/wp\/v2\/product_tag?post=1422"}],"curies":[{"name":"wp","href":"https:\/\/api.w.org\/{rel}","templated":true}]}}