{"id":1416,"date":"2024-06-15T13:47:12","date_gmt":"2024-06-15T18:47:12","guid":{"rendered":"https:\/\/juanchitoys.com\/?post_type=product&#038;p=1416"},"modified":"2024-06-15T13:47:12","modified_gmt":"2024-06-15T18:47:12","slug":"shadows-of-the-empire-prince-xizor","status":"publish","type":"product","link":"https:\/\/juanchitoys.com\/index.php\/producto\/shadows-of-the-empire-prince-xizor\/","title":{"rendered":"SHADOWS OF THE EMPIRE PRINCE XIZOR"},"content":{"rendered":"<p>&#8220;SHADOWS OF THE EMPIRE PRINCE XIZOR&#8221; ES UNA FIGURA DE ACCI\u00d3N DE STAR WARS QUE REPRESENTA AL PODEROSO Y MANIPULADOR L\u00cdDER DE LA ORGANIZACI\u00d3N CRIMINAL FALLEEN, PRINCE XIZOR. LA FIGURA CAPTURA SU PRESENCIA IMPONENTE Y SU AMBICI\u00d3N DESPIADADA MIENTRAS JUEGA UN PAPEL CRUCIAL EN LOS EVENTOS ENTRE &#8220;EL IMPERIO CONTRAATACA&#8221; Y &#8220;EL RETORNO DEL JEDI&#8221;, COMPITIENDO CON DARTH VADER POR EL FAVOR DEL EMPERADOR PALPATINE<\/p>\n<p>FICHA TENICA:<br \/>\nTAMA\u00d1O 10 CM<br \/>\nMARCA HASBRO 1996<\/p>\n","protected":false},"excerpt":{"rendered":"<p>&#8220;SHADOWS OF THE EMPIRE PRINCE XIZOR&#8221; ES UNA FIGURA DE ACCI\u00d3N DE STAR WARS QUE REPRESENTA AL PODEROSO Y MANIPULADOR L\u00cdDER DE LA ORGANIZACI\u00d3N CRIMINAL FALLEEN, PRINCE XIZOR<\/p>\n","protected":false},"featured_media":1418,"comment_status":"open","ping_status":"closed","template":"","meta":[],"product_brand":[],"product_cat":[60,72],"product_tag":[73],"class_list":{"0":"post-1416","1":"product","2":"type-product","3":"status-publish","4":"has-post-thumbnail","6":"product_cat-peliculas","7":"product_cat-star-wars","8":"product_tag-hasbro","10":"first","11":"instock","12":"shipping-taxable","13":"purchasable","14":"product-type-simple"},"_links":{"self":[{"href":"https:\/\/juanchitoys.com\/index.php\/wp-json\/wp\/v2\/product\/1416","targetHints":{"allow":["GET"]}}],"collection":[{"href":"https:\/\/juanchitoys.com\/index.php\/wp-json\/wp\/v2\/product"}],"about":[{"href":"https:\/\/juanchitoys.com\/index.php\/wp-json\/wp\/v2\/types\/product"}],"replies":[{"embeddable":true,"href":"https:\/\/juanchitoys.com\/index.php\/wp-json\/wp\/v2\/comments?post=1416"}],"wp:featuredmedia":[{"embeddable":true,"href":"https:\/\/juanchitoys.com\/index.php\/wp-json\/wp\/v2\/media\/1418"}],"wp:attachment":[{"href":"https:\/\/juanchitoys.com\/index.php\/wp-json\/wp\/v2\/media?parent=1416"}],"wp:term":[{"taxonomy":"product_brand","embeddable":true,"href":"https:\/\/juanchitoys.com\/index.php\/wp-json\/wp\/v2\/product_brand?post=1416"},{"taxonomy":"product_cat","embeddable":true,"href":"https:\/\/juanchitoys.com\/index.php\/wp-json\/wp\/v2\/product_cat?post=1416"},{"taxonomy":"product_tag","embeddable":true,"href":"https:\/\/juanchitoys.com\/index.php\/wp-json\/wp\/v2\/product_tag?post=1416"}],"curies":[{"name":"wp","href":"https:\/\/api.w.org\/{rel}","templated":true}]}}