{"id":1410,"date":"2024-06-15T13:44:00","date_gmt":"2024-06-15T18:44:00","guid":{"rendered":"https:\/\/juanchitoys.com\/?post_type=product&#038;p=1410"},"modified":"2024-06-15T13:44:00","modified_gmt":"2024-06-15T18:44:00","slug":"power-of-the-jedi-leia-organa","status":"publish","type":"product","link":"https:\/\/juanchitoys.com\/index.php\/producto\/power-of-the-jedi-leia-organa\/","title":{"rendered":"POWER OF THE JEDI LEIA ORGANA"},"content":{"rendered":"<p>&#8220;EL PODER DEL JEDI LEIA ORGANA&#8221; ES UNA FIGURA DE ACCI\u00d3N DE STAR WARS QUE RETRATA A LA VALIENTE PRINCESA Y L\u00cdDER REBELDE LEIA ORGANA. LA FIGURA CAPTURA SU DETERMINACI\u00d3N Y HABILIDAD COMO UNA FIGURA CENTRAL EN LA LUCHA CONTRA EL IMPERIO GAL\u00c1CTICO, CON DETALLES QUE REFLEJAN SU PAPEL CLAVE EN LA HISTORIA DE LA SAGA, DESDE LA BATALLA DE YAVIN HASTA LA RESTAURACI\u00d3N.<\/p>\n<p>FICHA TENICA:<br \/>\nTAMA\u00d1O 10 CM<br \/>\nMARCA HASBRO 2000<\/p>\n","protected":false},"excerpt":{"rendered":"<p>&#8220;EL PODER DEL JEDI LEIA ORGANA&#8221; ES UNA FIGURA DE ACCI\u00d3N DE STAR WARS QUE RETRATA A LA VALIENTE PRINCESA Y L\u00cdDER REBELDE LEIA ORGANA<\/p>\n","protected":false},"featured_media":1412,"comment_status":"open","ping_status":"closed","template":"","meta":[],"product_brand":[],"product_cat":[60,72],"product_tag":[73],"class_list":{"0":"post-1410","1":"product","2":"type-product","3":"status-publish","4":"has-post-thumbnail","6":"product_cat-peliculas","7":"product_cat-star-wars","8":"product_tag-hasbro","10":"first","11":"instock","12":"shipping-taxable","13":"purchasable","14":"product-type-simple"},"_links":{"self":[{"href":"https:\/\/juanchitoys.com\/index.php\/wp-json\/wp\/v2\/product\/1410","targetHints":{"allow":["GET"]}}],"collection":[{"href":"https:\/\/juanchitoys.com\/index.php\/wp-json\/wp\/v2\/product"}],"about":[{"href":"https:\/\/juanchitoys.com\/index.php\/wp-json\/wp\/v2\/types\/product"}],"replies":[{"embeddable":true,"href":"https:\/\/juanchitoys.com\/index.php\/wp-json\/wp\/v2\/comments?post=1410"}],"wp:featuredmedia":[{"embeddable":true,"href":"https:\/\/juanchitoys.com\/index.php\/wp-json\/wp\/v2\/media\/1412"}],"wp:attachment":[{"href":"https:\/\/juanchitoys.com\/index.php\/wp-json\/wp\/v2\/media?parent=1410"}],"wp:term":[{"taxonomy":"product_brand","embeddable":true,"href":"https:\/\/juanchitoys.com\/index.php\/wp-json\/wp\/v2\/product_brand?post=1410"},{"taxonomy":"product_cat","embeddable":true,"href":"https:\/\/juanchitoys.com\/index.php\/wp-json\/wp\/v2\/product_cat?post=1410"},{"taxonomy":"product_tag","embeddable":true,"href":"https:\/\/juanchitoys.com\/index.php\/wp-json\/wp\/v2\/product_tag?post=1410"}],"curies":[{"name":"wp","href":"https:\/\/api.w.org\/{rel}","templated":true}]}}