{"id":1404,"date":"2024-06-15T13:39:30","date_gmt":"2024-06-15T18:39:30","guid":{"rendered":"https:\/\/juanchitoys.com\/?post_type=product&#038;p=1404"},"modified":"2024-06-15T13:39:30","modified_gmt":"2024-06-15T18:39:30","slug":"hoth-evacuation-trooper","status":"publish","type":"product","link":"https:\/\/juanchitoys.com\/index.php\/producto\/hoth-evacuation-trooper\/","title":{"rendered":"HOTH EVACUATION TROOPER"},"content":{"rendered":"<p>EL &#8220;HOTH EVACUATION TROOPER&#8221; ES UNA FIGURA DE ACCI\u00d3N DE STAR WARS QUE REPRESENTA A LOS SOLDADOS IMPERIALES DESTACADOS EN LA EVACUACI\u00d3N DE HOTH EN &#8220;EL IMPERIO CONTRAATACA&#8221;. ESTOS SOLDADOS EST\u00c1N EQUIPADOS CON TRAJES ADAPTADOS AL FR\u00cdO Y ARMAMENTO ESPE.<\/p>\n<p>FICHA TENICA:<br \/>\nTAMA\u00d1O 10 CM<br \/>\nMARCA HASBRO 2003<\/p>\n","protected":false},"excerpt":{"rendered":"<p>EL &#8220;HOTH EVACUATION TROOPER&#8221; ES UNA FIGURA DE ACCI\u00d3N DE STAR WARS QUE REPRESENTA A LOS SOLDADOS IMPERIALES DESTACADOS EN LA EVACUACI\u00d3N DE HOTH EN &#8220;EL IMPERIO CONTRAATACA&#8221;<\/p>\n","protected":false},"featured_media":1405,"comment_status":"open","ping_status":"closed","template":"","meta":[],"product_brand":[],"product_cat":[60,72],"product_tag":[73],"class_list":{"0":"post-1404","1":"product","2":"type-product","3":"status-publish","4":"has-post-thumbnail","6":"product_cat-peliculas","7":"product_cat-star-wars","8":"product_tag-hasbro","10":"first","11":"instock","12":"shipping-taxable","13":"purchasable","14":"product-type-simple"},"_links":{"self":[{"href":"https:\/\/juanchitoys.com\/index.php\/wp-json\/wp\/v2\/product\/1404","targetHints":{"allow":["GET"]}}],"collection":[{"href":"https:\/\/juanchitoys.com\/index.php\/wp-json\/wp\/v2\/product"}],"about":[{"href":"https:\/\/juanchitoys.com\/index.php\/wp-json\/wp\/v2\/types\/product"}],"replies":[{"embeddable":true,"href":"https:\/\/juanchitoys.com\/index.php\/wp-json\/wp\/v2\/comments?post=1404"}],"wp:featuredmedia":[{"embeddable":true,"href":"https:\/\/juanchitoys.com\/index.php\/wp-json\/wp\/v2\/media\/1405"}],"wp:attachment":[{"href":"https:\/\/juanchitoys.com\/index.php\/wp-json\/wp\/v2\/media?parent=1404"}],"wp:term":[{"taxonomy":"product_brand","embeddable":true,"href":"https:\/\/juanchitoys.com\/index.php\/wp-json\/wp\/v2\/product_brand?post=1404"},{"taxonomy":"product_cat","embeddable":true,"href":"https:\/\/juanchitoys.com\/index.php\/wp-json\/wp\/v2\/product_cat?post=1404"},{"taxonomy":"product_tag","embeddable":true,"href":"https:\/\/juanchitoys.com\/index.php\/wp-json\/wp\/v2\/product_tag?post=1404"}],"curies":[{"name":"wp","href":"https:\/\/api.w.org\/{rel}","templated":true}]}}