{"id":1401,"date":"2024-06-15T13:36:31","date_gmt":"2024-06-15T18:36:31","guid":{"rendered":"https:\/\/juanchitoys.com\/?post_type=product&#038;p=1401"},"modified":"2024-06-15T13:36:31","modified_gmt":"2024-06-15T18:36:31","slug":"episode-1-ric-olie","status":"publish","type":"product","link":"https:\/\/juanchitoys.com\/index.php\/producto\/episode-1-ric-olie\/","title":{"rendered":"EPISODE 1 RIC OLI\u00c9"},"content":{"rendered":"<p>&#8220;EPISODE 1: RIC OLI\u00c9&#8221; ES UNA SERIE QUE EXPLORA LA VIDA DEL PILOTO Y CAPIT\u00c1N RIC OLI\u00c9 DESPU\u00c9S DE LOS EVENTOS DE &#8220;LA AMENAZA FANTASMA&#8221;. AMBIENTADA EN EL UNIVERSO DE STAR WARS, SIGUE A RIC MIENTRAS SE ENFRENTA A NUEVOS DESAF\u00cdOS Y AVENTURAS EN EL ESPACIO, DEMOSTRANDO SU HABILIDAD Y VALENT\u00cdA COMO PILOTO EN UNA GALAXIA CAMBIANTE Y PELIGROSA.<\/p>\n<p>FICHA TENICA:<br \/>\nTAMA\u00d1O 10 CM<br \/>\nMARCA HASBRO 1998<\/p>\n","protected":false},"excerpt":{"rendered":"<p>&#8220;EPISODE 1: RIC OLI\u00c9&#8221; ES UNA SERIE QUE EXPLORA LA VIDA DEL PILOTO Y CAPIT\u00c1N RIC OLI\u00c9 DESPU\u00c9S DE LOS EVENTOS DE &#8220;LA AMENAZA FANTASMA&#8221;<\/p>\n","protected":false},"featured_media":1403,"comment_status":"open","ping_status":"closed","template":"","meta":[],"product_brand":[],"product_cat":[60,72],"product_tag":[73],"class_list":{"0":"post-1401","1":"product","2":"type-product","3":"status-publish","4":"has-post-thumbnail","6":"product_cat-peliculas","7":"product_cat-star-wars","8":"product_tag-hasbro","10":"first","11":"instock","12":"shipping-taxable","13":"purchasable","14":"product-type-simple"},"_links":{"self":[{"href":"https:\/\/juanchitoys.com\/index.php\/wp-json\/wp\/v2\/product\/1401","targetHints":{"allow":["GET"]}}],"collection":[{"href":"https:\/\/juanchitoys.com\/index.php\/wp-json\/wp\/v2\/product"}],"about":[{"href":"https:\/\/juanchitoys.com\/index.php\/wp-json\/wp\/v2\/types\/product"}],"replies":[{"embeddable":true,"href":"https:\/\/juanchitoys.com\/index.php\/wp-json\/wp\/v2\/comments?post=1401"}],"wp:featuredmedia":[{"embeddable":true,"href":"https:\/\/juanchitoys.com\/index.php\/wp-json\/wp\/v2\/media\/1403"}],"wp:attachment":[{"href":"https:\/\/juanchitoys.com\/index.php\/wp-json\/wp\/v2\/media?parent=1401"}],"wp:term":[{"taxonomy":"product_brand","embeddable":true,"href":"https:\/\/juanchitoys.com\/index.php\/wp-json\/wp\/v2\/product_brand?post=1401"},{"taxonomy":"product_cat","embeddable":true,"href":"https:\/\/juanchitoys.com\/index.php\/wp-json\/wp\/v2\/product_cat?post=1401"},{"taxonomy":"product_tag","embeddable":true,"href":"https:\/\/juanchitoys.com\/index.php\/wp-json\/wp\/v2\/product_tag?post=1401"}],"curies":[{"name":"wp","href":"https:\/\/api.w.org\/{rel}","templated":true}]}}