{"id":1390,"date":"2024-06-14T22:09:54","date_gmt":"2024-06-15T03:09:54","guid":{"rendered":"https:\/\/juanchitoys.com\/?post_type=product&#038;p=1390"},"modified":"2024-06-15T13:32:18","modified_gmt":"2024-06-15T18:32:18","slug":"episode-1-mace-windu","status":"publish","type":"product","link":"https:\/\/juanchitoys.com\/index.php\/producto\/episode-1-mace-windu\/","title":{"rendered":"EPISODE 1 MACE WINDU"},"content":{"rendered":"<p>MACE WINDU ES UN JEDI DESTACADO EN LA SAGA DE STAR WARS, RECONOCIDO POR SU MAESTR\u00cdA EN EL COMBATE CON SABLE DE LUZ Y SU PROFUNDA CONEXI\u00d3N CON LA FUERZA. ES CONOCIDO POR SU ENFOQUE PRAGM\u00c1TICO Y SU POSTURA FIRME EN LA DEFENSA DE LA REP\u00daBLICA. WINDU ES INTERPRETADO POR SAMUEL L. JACKSON Y ES MIEMBRO DEL CONSEJO JEDI, DONDE A MENUDO REPRESENTA UNA VOZ DE AUTORIDAD Y DETERMINACI\u00d3N.<\/p>\n<p>FICHA TECNICA:<br \/>\nTAMA\u00d1O 10 CM<br \/>\nFABRICDO HASBRO 1998<br \/>\nTRAIDO DE JAPON<\/p>\n","protected":false},"excerpt":{"rendered":"<p>MACE WINDU ES UN JEDI DESTACADO EN LA SAGA DE STAR WARS, RECONOCIDO POR SU MAESTR\u00cdA EN EL COMBATE CON SABLE DE LUZ Y SU PROFUNDA CONEXI\u00d3N CON LA FUERZA<\/p>\n","protected":false},"featured_media":1392,"comment_status":"open","ping_status":"closed","template":"","meta":[],"product_brand":[],"product_cat":[60,72],"product_tag":[73,74],"class_list":{"0":"post-1390","1":"product","2":"type-product","3":"status-publish","4":"has-post-thumbnail","6":"product_cat-peliculas","7":"product_cat-star-wars","8":"product_tag-hasbro","9":"product_tag-kenner","11":"first","12":"instock","13":"shipping-taxable","14":"purchasable","15":"product-type-simple"},"_links":{"self":[{"href":"https:\/\/juanchitoys.com\/index.php\/wp-json\/wp\/v2\/product\/1390","targetHints":{"allow":["GET"]}}],"collection":[{"href":"https:\/\/juanchitoys.com\/index.php\/wp-json\/wp\/v2\/product"}],"about":[{"href":"https:\/\/juanchitoys.com\/index.php\/wp-json\/wp\/v2\/types\/product"}],"replies":[{"embeddable":true,"href":"https:\/\/juanchitoys.com\/index.php\/wp-json\/wp\/v2\/comments?post=1390"}],"wp:featuredmedia":[{"embeddable":true,"href":"https:\/\/juanchitoys.com\/index.php\/wp-json\/wp\/v2\/media\/1392"}],"wp:attachment":[{"href":"https:\/\/juanchitoys.com\/index.php\/wp-json\/wp\/v2\/media?parent=1390"}],"wp:term":[{"taxonomy":"product_brand","embeddable":true,"href":"https:\/\/juanchitoys.com\/index.php\/wp-json\/wp\/v2\/product_brand?post=1390"},{"taxonomy":"product_cat","embeddable":true,"href":"https:\/\/juanchitoys.com\/index.php\/wp-json\/wp\/v2\/product_cat?post=1390"},{"taxonomy":"product_tag","embeddable":true,"href":"https:\/\/juanchitoys.com\/index.php\/wp-json\/wp\/v2\/product_tag?post=1390"}],"curies":[{"name":"wp","href":"https:\/\/api.w.org\/{rel}","templated":true}]}}