{"id":1384,"date":"2024-06-14T21:58:30","date_gmt":"2024-06-15T02:58:30","guid":{"rendered":"https:\/\/juanchitoys.com\/?post_type=product&#038;p=1384"},"modified":"2024-06-14T21:58:31","modified_gmt":"2024-06-15T02:58:31","slug":"attack-of-the-clones-padme-amidala","status":"publish","type":"product","link":"https:\/\/juanchitoys.com\/index.php\/producto\/attack-of-the-clones-padme-amidala\/","title":{"rendered":"ATTACK OF THE CLONES PADM\u00c9 AMIDALA"},"content":{"rendered":"<p>PADM\u00c9 AMIDALA ES UN PERSONAJE FICTICIO DEL UNIVERSO DE STAR WARS, DESTACADA POR SU PAPEL COMO REINA Y LUEGO COMO SENADORA DEL PLANETA NABOO. ES CONOCIDA POR SU VALENT\u00cdA, INTELIGENCIA Y HABILIDAD POL\u00cdTICA, AS\u00cd COMO POR SU RELACI\u00d3N CON ANAKIN SKYWALKER, QUIEN EVENTUALMENTE SE CONVIERTE EN DARTH VADER. SU HISTORIA ABARCA DESDE LOS CONFLICTOS POL\u00cdTICOS HASTA LA TRAGEDIA PERSONAL, MOSTRANDO SU COMPROMISO CON LA PAZ Y LA JUSTICIA EN LA GALAXIA.<\/p>\n<p>FICHA TECNICA:<br \/>\nTAMA\u00d1O 10 CM<br \/>\nFABRICDO HASBRO 2002<br \/>\nTOMMY 2002<br \/>\nTRAIDO DE JAPON<\/p>\n","protected":false},"excerpt":{"rendered":"<p>PADM\u00c9 AMIDALA ES UN PERSONAJE FICTICIO DEL UNIVERSO DE STAR WARS, DESTACADA POR SU PAPEL COMO REINA Y LUEGO COMO SENADORA DEL PLANETA NABOO.<\/p>\n","protected":false},"featured_media":1385,"comment_status":"open","ping_status":"closed","template":"","meta":[],"product_brand":[],"product_cat":[60,72],"product_tag":[73,74],"class_list":{"0":"post-1384","1":"product","2":"type-product","3":"status-publish","4":"has-post-thumbnail","6":"product_cat-peliculas","7":"product_cat-star-wars","8":"product_tag-hasbro","9":"product_tag-kenner","11":"first","12":"instock","13":"shipping-taxable","14":"purchasable","15":"product-type-simple"},"_links":{"self":[{"href":"https:\/\/juanchitoys.com\/index.php\/wp-json\/wp\/v2\/product\/1384","targetHints":{"allow":["GET"]}}],"collection":[{"href":"https:\/\/juanchitoys.com\/index.php\/wp-json\/wp\/v2\/product"}],"about":[{"href":"https:\/\/juanchitoys.com\/index.php\/wp-json\/wp\/v2\/types\/product"}],"replies":[{"embeddable":true,"href":"https:\/\/juanchitoys.com\/index.php\/wp-json\/wp\/v2\/comments?post=1384"}],"wp:featuredmedia":[{"embeddable":true,"href":"https:\/\/juanchitoys.com\/index.php\/wp-json\/wp\/v2\/media\/1385"}],"wp:attachment":[{"href":"https:\/\/juanchitoys.com\/index.php\/wp-json\/wp\/v2\/media?parent=1384"}],"wp:term":[{"taxonomy":"product_brand","embeddable":true,"href":"https:\/\/juanchitoys.com\/index.php\/wp-json\/wp\/v2\/product_brand?post=1384"},{"taxonomy":"product_cat","embeddable":true,"href":"https:\/\/juanchitoys.com\/index.php\/wp-json\/wp\/v2\/product_cat?post=1384"},{"taxonomy":"product_tag","embeddable":true,"href":"https:\/\/juanchitoys.com\/index.php\/wp-json\/wp\/v2\/product_tag?post=1384"}],"curies":[{"name":"wp","href":"https:\/\/api.w.org\/{rel}","templated":true}]}}