{"id":1380,"date":"2024-06-13T16:04:28","date_gmt":"2024-06-13T21:04:28","guid":{"rendered":"https:\/\/juanchitoys.com\/?post_type=product&#038;p=1380"},"modified":"2024-06-13T16:04:28","modified_gmt":"2024-06-13T21:04:28","slug":"legolas-2","status":"publish","type":"product","link":"https:\/\/juanchitoys.com\/index.php\/producto\/legolas-2\/","title":{"rendered":"LEGOLAS"},"content":{"rendered":"<p>FIGURA MAGN\u00cdFICA DE LEGOLAS, EL H\u00c1BIL ARQUERO Y VALIENTE GUERRERO ELFO DE &#8220;EL SE\u00d1OR DE LOS ANILLOS LA COMUNIDAD DEL ANILLO &#8220;. DETALLES ASOMBROSOS QUE REFLEJAN SU GRACIA Y DESTREZA. \u00a1UNA PIEZA ESENCIAL PARA CUALQUIER FAN\u00c1TICO DE LA SAGA!<\/p>\n<p>FICHA TECNICA:<br \/>\nMARCA TOY BIZ<br \/>\nALTURA 16 CM APROX<br \/>\nFIGURA ORIGINAL<\/p>\n","protected":false},"excerpt":{"rendered":"<p>FIGURA MAGN\u00cdFICA DE LEGOLAS, EL H\u00c1BIL ARQUERO Y VALIENTE GUERRERO ELFO DE &#8220;EL SE\u00d1OR DE LOS ANILLOS LA COMUNIDAD DEL ANILLO &#8220;. DETALLES ASOMBROSOS QUE REFLEJAN SU GRACIA Y DESTREZA. \u00a1UNA PIEZA ESENCIAL PARA CUALQUIER FAN\u00c1TICO DE LA SAGA!<\/p>\n","protected":false},"featured_media":1382,"comment_status":"open","ping_status":"closed","template":"","meta":[],"product_brand":[],"product_cat":[60,70],"product_tag":[71],"class_list":{"0":"post-1380","1":"product","2":"type-product","3":"status-publish","4":"has-post-thumbnail","6":"product_cat-peliculas","7":"product_cat-el-senor-de-los-anillos","8":"product_tag-toybiz","10":"first","11":"instock","12":"shipping-taxable","13":"purchasable","14":"product-type-simple"},"_links":{"self":[{"href":"https:\/\/juanchitoys.com\/index.php\/wp-json\/wp\/v2\/product\/1380","targetHints":{"allow":["GET"]}}],"collection":[{"href":"https:\/\/juanchitoys.com\/index.php\/wp-json\/wp\/v2\/product"}],"about":[{"href":"https:\/\/juanchitoys.com\/index.php\/wp-json\/wp\/v2\/types\/product"}],"replies":[{"embeddable":true,"href":"https:\/\/juanchitoys.com\/index.php\/wp-json\/wp\/v2\/comments?post=1380"}],"wp:featuredmedia":[{"embeddable":true,"href":"https:\/\/juanchitoys.com\/index.php\/wp-json\/wp\/v2\/media\/1382"}],"wp:attachment":[{"href":"https:\/\/juanchitoys.com\/index.php\/wp-json\/wp\/v2\/media?parent=1380"}],"wp:term":[{"taxonomy":"product_brand","embeddable":true,"href":"https:\/\/juanchitoys.com\/index.php\/wp-json\/wp\/v2\/product_brand?post=1380"},{"taxonomy":"product_cat","embeddable":true,"href":"https:\/\/juanchitoys.com\/index.php\/wp-json\/wp\/v2\/product_cat?post=1380"},{"taxonomy":"product_tag","embeddable":true,"href":"https:\/\/juanchitoys.com\/index.php\/wp-json\/wp\/v2\/product_tag?post=1380"}],"curies":[{"name":"wp","href":"https:\/\/api.w.org\/{rel}","templated":true}]}}