{"id":1362,"date":"2024-06-13T15:43:06","date_gmt":"2024-06-13T20:43:06","guid":{"rendered":"https:\/\/juanchitoys.com\/?post_type=product&#038;p=1362"},"modified":"2024-06-13T15:43:06","modified_gmt":"2024-06-13T20:43:06","slug":"gothmog","status":"publish","type":"product","link":"https:\/\/juanchitoys.com\/index.php\/producto\/gothmog\/","title":{"rendered":"GOTHMOG"},"content":{"rendered":"<p>FIGURA IMPONENTE DE GOTHMOG, EL PODEROSO L\u00cdDER DE LOS EJ\u00c9RCITOS DE MORDOR EN &#8220;EL SE\u00d1OR DE LOS ANILLOS EL RETORNO DEL REY&#8221;. TIENE DETALLES REALISTAS Y CALIDAD EXCEPCIONAL. \u00a1UN ELEMENTO ESENCIAL PARA CUALQUIER COLECCI\u00d3N INSPIRADA EN LA TIERRA MEDIA!<\/p>\n<p>FICHA TECNICA:<br \/>\nMARCA TOY BIZ<br \/>\nALTURA 18 CM APROX<br \/>\nFIGURA 30 PUNTOS DE ARTICULACION<br \/>\nFIGURA ORIGINAL<\/p>\n","protected":false},"excerpt":{"rendered":"<p>FIGURA IMPONENTE DE GOTHMOG, EL PODEROSO L\u00cdDER DE LOS EJ\u00c9RCITOS DE MORDOR EN EL SE\u00d1OR DE LOS ANILLOS EL RETORNO DEL REY<\/p>\n","protected":false},"featured_media":1364,"comment_status":"open","ping_status":"closed","template":"","meta":[],"product_brand":[],"product_cat":[60,70],"product_tag":[71],"class_list":{"0":"post-1362","1":"product","2":"type-product","3":"status-publish","4":"has-post-thumbnail","6":"product_cat-peliculas","7":"product_cat-el-senor-de-los-anillos","8":"product_tag-toybiz","10":"first","11":"instock","12":"shipping-taxable","13":"purchasable","14":"product-type-simple"},"_links":{"self":[{"href":"https:\/\/juanchitoys.com\/index.php\/wp-json\/wp\/v2\/product\/1362","targetHints":{"allow":["GET"]}}],"collection":[{"href":"https:\/\/juanchitoys.com\/index.php\/wp-json\/wp\/v2\/product"}],"about":[{"href":"https:\/\/juanchitoys.com\/index.php\/wp-json\/wp\/v2\/types\/product"}],"replies":[{"embeddable":true,"href":"https:\/\/juanchitoys.com\/index.php\/wp-json\/wp\/v2\/comments?post=1362"}],"wp:featuredmedia":[{"embeddable":true,"href":"https:\/\/juanchitoys.com\/index.php\/wp-json\/wp\/v2\/media\/1364"}],"wp:attachment":[{"href":"https:\/\/juanchitoys.com\/index.php\/wp-json\/wp\/v2\/media?parent=1362"}],"wp:term":[{"taxonomy":"product_brand","embeddable":true,"href":"https:\/\/juanchitoys.com\/index.php\/wp-json\/wp\/v2\/product_brand?post=1362"},{"taxonomy":"product_cat","embeddable":true,"href":"https:\/\/juanchitoys.com\/index.php\/wp-json\/wp\/v2\/product_cat?post=1362"},{"taxonomy":"product_tag","embeddable":true,"href":"https:\/\/juanchitoys.com\/index.php\/wp-json\/wp\/v2\/product_tag?post=1362"}],"curies":[{"name":"wp","href":"https:\/\/api.w.org\/{rel}","templated":true}]}}