{"id":1359,"date":"2024-06-13T15:37:47","date_gmt":"2024-06-13T20:37:47","guid":{"rendered":"https:\/\/juanchitoys.com\/?post_type=product&#038;p=1359"},"modified":"2024-06-13T15:37:47","modified_gmt":"2024-06-13T20:37:47","slug":"cirith-ungol-uruk-hai","status":"publish","type":"product","link":"https:\/\/juanchitoys.com\/index.php\/producto\/cirith-ungol-uruk-hai\/","title":{"rendered":"CIRITH UNGOL URUK-HAI"},"content":{"rendered":"<p>FIGURA DETALLADA DEL URUK-HAI DE CIRITH UNGOL, TEMIBLE Y PODEROSO GUERRERO DE &#8220;EL SE\u00d1OR DE LOS ANILLOS EL RETORNO DEL REY&#8221;. PERFECTA PARA COLECCIONISTAS Y AMANTES DE LA SAGA. \u00a1HAZTE CON ESTA PIEZA \u00daNICA Y A\u00d1\u00c1DELA A TU COLECCI\u00d3N!<\/p>\n<p>FICHA TECNICA:<br \/>\nMARCA TOY BIZ<br \/>\nALTURA 18 CM APROX<br \/>\nFIGURA ARTICULABLE<br \/>\nFIGURA ORIGINAL<\/p>\n","protected":false},"excerpt":{"rendered":"<p>FIGURA DETALLADA DEL URUK-HAI DE CIRITH UNGOL, TEMIBLE Y PODEROSO GUERRERO DE &#8220;EL SE\u00d1OR DE LOS ANILLOS EL RETORNO DEL REY&#8221;<\/p>\n","protected":false},"featured_media":1361,"comment_status":"open","ping_status":"closed","template":"","meta":[],"product_brand":[],"product_cat":[60,70],"product_tag":[71],"class_list":{"0":"post-1359","1":"product","2":"type-product","3":"status-publish","4":"has-post-thumbnail","6":"product_cat-peliculas","7":"product_cat-el-senor-de-los-anillos","8":"product_tag-toybiz","10":"first","11":"instock","12":"shipping-taxable","13":"purchasable","14":"product-type-simple"},"_links":{"self":[{"href":"https:\/\/juanchitoys.com\/index.php\/wp-json\/wp\/v2\/product\/1359","targetHints":{"allow":["GET"]}}],"collection":[{"href":"https:\/\/juanchitoys.com\/index.php\/wp-json\/wp\/v2\/product"}],"about":[{"href":"https:\/\/juanchitoys.com\/index.php\/wp-json\/wp\/v2\/types\/product"}],"replies":[{"embeddable":true,"href":"https:\/\/juanchitoys.com\/index.php\/wp-json\/wp\/v2\/comments?post=1359"}],"wp:featuredmedia":[{"embeddable":true,"href":"https:\/\/juanchitoys.com\/index.php\/wp-json\/wp\/v2\/media\/1361"}],"wp:attachment":[{"href":"https:\/\/juanchitoys.com\/index.php\/wp-json\/wp\/v2\/media?parent=1359"}],"wp:term":[{"taxonomy":"product_brand","embeddable":true,"href":"https:\/\/juanchitoys.com\/index.php\/wp-json\/wp\/v2\/product_brand?post=1359"},{"taxonomy":"product_cat","embeddable":true,"href":"https:\/\/juanchitoys.com\/index.php\/wp-json\/wp\/v2\/product_cat?post=1359"},{"taxonomy":"product_tag","embeddable":true,"href":"https:\/\/juanchitoys.com\/index.php\/wp-json\/wp\/v2\/product_tag?post=1359"}],"curies":[{"name":"wp","href":"https:\/\/api.w.org\/{rel}","templated":true}]}}