{"id":1224,"date":"2024-06-12T12:23:47","date_gmt":"2024-06-12T17:23:47","guid":{"rendered":"https:\/\/juanchitoys.com\/?post_type=product&#038;p=1224"},"modified":"2024-06-21T15:19:54","modified_gmt":"2024-06-21T20:19:54","slug":"ichika-nakano-sega-spm","status":"publish","type":"product","link":"https:\/\/juanchitoys.com\/index.php\/producto\/ichika-nakano-sega-spm\/","title":{"rendered":"ICHIKA NAKANO SEGA SPM"},"content":{"rendered":"<p>SEGA LANZO A ICHIKA NAKANO EN SU TRAJE DE POLICIA , ES UNO DE LOS PERSONAJES PRINCIPALES DEL MANGA Y ANIME &#8220;THE QUINTESSENTIAL QUINTUPLETS&#8221;. ES LA HERMANA MAYOR DE LAS QUINTILLIZAS NAKANO Y SE DESTACA POR SU NATURALEZA AMABLE Y RESPONSABLE. ICHIKA SUELE ACTUAR COMO LA FIGURA MATERNA DE SUS HERMANAS MENORES, AUNQUE TAMBI\u00c9N TIENE MOMENTOS DE DUDA Y VULNERABILIDAD. SU CABELLO LARGO Y CASTA\u00d1O CLARO ES UNA DE SUS CARACTER\u00cdSTICAS M\u00c1S DISTINTIVAS.<\/p>\n<p>FICHA TECNICA<br \/>\n*MEDIDA 21 CM<br \/>\n*MARCA SEGA SPM<br \/>\n*FIGURA DE PVC<br \/>\n*ORIGEN JAPON<\/p>\n","protected":false},"excerpt":{"rendered":"<p>SEGA LANZO A ICHIKA NAKANO EN SU TRAJE DE POLICIA<\/p>\n","protected":false},"featured_media":1227,"comment_status":"open","ping_status":"closed","template":"","meta":[],"product_brand":[],"product_cat":[84,66],"product_tag":[45,46],"class_list":{"0":"post-1224","1":"product","2":"type-product","3":"status-publish","4":"has-post-thumbnail","6":"product_cat-ofertas","7":"product_cat-quintillizas","8":"product_tag-sega","9":"product_tag-spm","11":"first","12":"instock","13":"sale","14":"shipping-taxable","15":"purchasable","16":"product-type-simple"},"_links":{"self":[{"href":"https:\/\/juanchitoys.com\/index.php\/wp-json\/wp\/v2\/product\/1224","targetHints":{"allow":["GET"]}}],"collection":[{"href":"https:\/\/juanchitoys.com\/index.php\/wp-json\/wp\/v2\/product"}],"about":[{"href":"https:\/\/juanchitoys.com\/index.php\/wp-json\/wp\/v2\/types\/product"}],"replies":[{"embeddable":true,"href":"https:\/\/juanchitoys.com\/index.php\/wp-json\/wp\/v2\/comments?post=1224"}],"wp:featuredmedia":[{"embeddable":true,"href":"https:\/\/juanchitoys.com\/index.php\/wp-json\/wp\/v2\/media\/1227"}],"wp:attachment":[{"href":"https:\/\/juanchitoys.com\/index.php\/wp-json\/wp\/v2\/media?parent=1224"}],"wp:term":[{"taxonomy":"product_brand","embeddable":true,"href":"https:\/\/juanchitoys.com\/index.php\/wp-json\/wp\/v2\/product_brand?post=1224"},{"taxonomy":"product_cat","embeddable":true,"href":"https:\/\/juanchitoys.com\/index.php\/wp-json\/wp\/v2\/product_cat?post=1224"},{"taxonomy":"product_tag","embeddable":true,"href":"https:\/\/juanchitoys.com\/index.php\/wp-json\/wp\/v2\/product_tag?post=1224"}],"curies":[{"name":"wp","href":"https:\/\/api.w.org\/{rel}","templated":true}]}}