{"id":1042,"date":"2024-06-11T13:12:08","date_gmt":"2024-06-11T18:12:08","guid":{"rendered":"https:\/\/juanchitoys.com\/?post_type=product&#038;p=1042"},"modified":"2025-11-19T13:21:06","modified_gmt":"2025-11-19T18:21:06","slug":"mari-makinami-spm","status":"publish","type":"product","link":"https:\/\/juanchitoys.com\/index.php\/producto\/mari-makinami-spm\/","title":{"rendered":"MARI MAKINAMI SPM"},"content":{"rendered":"<p>MARI MAKINAMI ILLUSTRIOUS ES UN PERSONAJE DE LA SERIE DE ANIME &#8220;NEON GENESIS EVANGELION&#8221;. ELLA ES UNA PILOTO DE EVA MISTERIOSA Y ENIGM\u00c1TICA QUE APARECE EN LA PEL\u00cdCULA &#8220;EVANGELION: 2.0 YOU CAN (NOT) ADVANCE&#8221; Y EN ADELANTE. MARI ES CONOCIDA POR SU PERSONALIDAD EXTROVERTIDA Y EN OCASIONES EXC\u00c9NTRICA, AS\u00cd COMO POR SU HABILIDAD EN COMBATE Y SU CONEXI\u00d3N CON LOS MISTERIOS DE LA HISTORIA DE EVANGELION.<\/p>\n<p>FICHA TECNICA:<br \/>\n* EVANGELION 3.0+1.0: THRICE UPON A TIME SPM SEGA &#8211; MARI MAKINAMI ILLUSTRIOUS LAST MISSION<br \/>\n* MATERIAL: PVC<br \/>\n* TAMA\u00d1O: 21 CM ALTURA<br \/>\n* ORIGEN: JAPON<\/p>\n","protected":false},"excerpt":{"rendered":"<p>MARI MAKINAMI ILLUSTRIOUS ES UN PERSONAJE DE LA SERIE DE ANIME &#8220;NEON GENESIS EVANGELION&#8221;<\/p>\n","protected":false},"featured_media":1044,"comment_status":"open","ping_status":"closed","template":"","meta":[],"product_brand":[],"product_cat":[30],"product_tag":[45,46],"class_list":{"0":"post-1042","1":"product","2":"type-product","3":"status-publish","4":"has-post-thumbnail","6":"product_cat-evangelion","7":"product_tag-sega","8":"product_tag-spm","10":"first","11":"outofstock","12":"shipping-taxable","13":"purchasable","14":"product-type-simple"},"_links":{"self":[{"href":"https:\/\/juanchitoys.com\/index.php\/wp-json\/wp\/v2\/product\/1042","targetHints":{"allow":["GET"]}}],"collection":[{"href":"https:\/\/juanchitoys.com\/index.php\/wp-json\/wp\/v2\/product"}],"about":[{"href":"https:\/\/juanchitoys.com\/index.php\/wp-json\/wp\/v2\/types\/product"}],"replies":[{"embeddable":true,"href":"https:\/\/juanchitoys.com\/index.php\/wp-json\/wp\/v2\/comments?post=1042"}],"wp:featuredmedia":[{"embeddable":true,"href":"https:\/\/juanchitoys.com\/index.php\/wp-json\/wp\/v2\/media\/1044"}],"wp:attachment":[{"href":"https:\/\/juanchitoys.com\/index.php\/wp-json\/wp\/v2\/media?parent=1042"}],"wp:term":[{"taxonomy":"product_brand","embeddable":true,"href":"https:\/\/juanchitoys.com\/index.php\/wp-json\/wp\/v2\/product_brand?post=1042"},{"taxonomy":"product_cat","embeddable":true,"href":"https:\/\/juanchitoys.com\/index.php\/wp-json\/wp\/v2\/product_cat?post=1042"},{"taxonomy":"product_tag","embeddable":true,"href":"https:\/\/juanchitoys.com\/index.php\/wp-json\/wp\/v2\/product_tag?post=1042"}],"curies":[{"name":"wp","href":"https:\/\/api.w.org\/{rel}","templated":true}]}}